{"id":3845,"date":"2022-04-26T13:39:39","date_gmt":"2022-04-26T11:39:39","guid":{"rendered":"https:\/\/xn--pts-qla.ee\/?post_type=product&#038;p=3845"},"modified":"2026-03-31T12:58:21","modified_gmt":"2026-03-31T09:58:21","slug":"sokolaadi-juustutort","status":"publish","type":"product","link":"https:\/\/pats.ee\/en\/product\/sokolaadi-juustutort\/","title":{"rendered":"Chocolate cheesecake with Baileys"},"content":{"rendered":"<p data-start=\"214\" data-end=\"509\">Chocolate Cheesecake with Baileys is a rich and velvety taste experience that combines high-quality dark chocolate, cream cheese and the delicious nuance of Baileys Irish cream liqueur. The digestive biscuit base cake is unbaked to preserve its delicate texture and intense taste. Handmade in our bakery, in small batches just like at home. Suitable for both a festive treat and a special moment for yourself.<\/p>\n\n    <div class=\"xs_social_share_widget xs_share_url after_content \t\tmain_content  wslu-style-1 wslu-share-box-shaped wslu-fill-colored wslu-none wslu-share-horizontal wslu-theme-font-no wslu-main_content\">\n\n\t\t\n        <ul>\n\t\t\t        <\/ul>\n    <\/div>","protected":false},"excerpt":{"rendered":"<p>Chocolate Cheesecake with Baileys is a rich and velvety taste experience that combines high-quality dark chocolate, cream cheese, and the delicious nuance of Baileys Irish cream liqueur.<\/p>","protected":false},"featured_media":10167,"comment_status":"open","ping_status":"closed","template":"","meta":[],"product_brand":[124],"product_cat":[51],"product_tag":[132,133,148],"class_list":{"0":"post-3845","1":"product","2":"type-product","3":"status-publish","4":"has-post-thumbnail","6":"product_brand-pats-sahver","7":"product_cat-tordid","8":"product_tag-juustutort","9":"product_tag-toorjuustutort","10":"product_tag-baileysetort","11":"wcpa_has_options","13":"first","14":"instock","15":"taxable","16":"shipping-taxable","17":"purchasable","18":"product-type-simple"},"aioseo_notices":[],"wcpa_form_fields":{"wcpaData":{"product":{"product_price":23,"price_html":"<span class=\"woocommerce-Price-amount amount\"><bdi>23,00&nbsp;<span class=\"woocommerce-Price-currencySymbol\">&euro;<\/span><\/bdi><\/span>\/kg","original_product_price":23,"price_including_tax":23,"price_excluding_tax":18.852459,"product_id":{"parent":3845,"variation":false},"is_variable":false,"stock_status":"instock","stock_quantity":null,"parent_sku":"","product_attributes":[],"custom_fields":[],"is_taxable":true,"product_name":"\u0160okolaadi-juustutort Baileys'ega","hasImage":false},"fields":{"sec_56845a4c56b7e9":{"extra":{"key":"sec_56845a4c56b7e9","section_id":"sec_56845a4c56b7e9","name":"Default","status":1,"cl_rule":"show","enableCl":false,"relations":[],"toggle":true,"title_tag":"h3","show_title":false,"showPrice":"default","form_id":9648,"form_rules":{"exclude_from_discount":false,"fee_label":"Fee","disp_hide_options_price":false,"disp_show_section_price":false,"disp_show_field_price":true,"layout_option":"standard","pric_use_as_fee":false,"process_fee_as":"woo_fee"},"layout_option":"standard"},"fields":[[{"active":true,"col":6,"relations":false,"cl_rule":"show","enableCl":false,"price":"","enablePrice":false,"className":"","label_position":"default","desc_position":"default","type":"select","required":false,"elementId":"select_3946408181","label":"Kellele","name":"select_3946408181","values":[{"label":"S\u00fcnnip\u00e4evaks","value":"S\u00fcnnip\u00e4ev","selected":false,"tempId":"aco_410","gt_translate_keys":["label"]},{"label":"T\u00fcdrukule","value":"T\u00fcdrukule","selected":false,"tempId":"aco_118","gt_translate_keys":["label"]},{"label":"Poisile","value":"Poisile","selected":false,"tempId":"aco_119","gt_translate_keys":["label"]},{"label":"Naisterahvale","value":"Naisterahvale","selected":false,"tempId":"aco_120","gt_translate_keys":["label"]},{"label":"Meesterahvele","value":"Meesterahvele","selected":false,"tempId":"aco_319","gt_translate_keys":["label"]},{"label":"Muu","value":"muu","selected":false,"tempId":"aco_1918","gt_translate_keys":["label"]}],"dropdown_type":"basic","error":false,"tooltip":"Seda teavet kasutavad meie kondiitrid v\u00f5imalusel tordi kaunistamiseks.","placeholder":"Vali","gt_translate_keys":["label","placeholder","tooltip"],"price_dependency":false,"cl_dependency":["text_9339021819"],"value":""}],[{"active":true,"col":6,"relations":[{"operator":false,"rules":[{"operator":"AND","rules":{"cl_field":"select_3946408181","cl_relation":"is","cl_val":"muu"}}]}],"cl_rule":"show","enableCl":true,"price":"","enablePrice":false,"className":"","label_position":"default","desc_position":"default","type":"text","subtype":"text","required":false,"elementId":"text_9339021819","label":"Muu","name":"text_9339021819","value":"","error":false,"mapToCheckout":false,"gt_translate_keys":["label","value"],"price_dependency":false,"cl_dependency":false}]]},"sec_7690c55e1b7192":{"extra":{"key":"sec_7690c55e1b7192","section_id":"sec_7690c55e1b7192","name":"Default","status":1,"cl_rule":"show","enableCl":false,"relations":[],"toggle":true,"title_tag":"h3","show_title":false,"showPrice":"default","form_id":10683,"form_rules":{"exclude_from_discount":false,"fee_label":"Fee","disp_hide_options_price":false,"disp_show_section_price":false,"disp_show_field_price":true,"layout_option":"standard","pric_use_as_fee":false,"process_fee_as":"woo_fee"},"layout_option":"standard"},"fields":[[{"type":"select","required":true,"elementId":"select_0690c55e1b71b3","label":"Kaal","description":"","desc_type":true,"enablePrice":true,"priceOptions":"fixed_for_all","pricingType":"custom","price":"{value}*{product_price}","name":"select_0690c55e1b71b3","cl_rule":"show","col":"2","values":[{"label":"1.2kg","value":"1.2","selected":true,"tempId":"aco_19","gt_translate_keys":["label"]},{"label":"1.5 kg","value":"1.5","price":"30,75","pimage":"","pimage_id":"","pthumb":"","tempId":"aco_236","selected":false,"gt_translate_keys":["label"]}],"relations":false,"active":true,"tooltip":"140g inimese kohta.","dropdown_type":"basic","error":false,"gt_translate_keys":["label","description","tooltip"],"price_dependency":false,"cl_dependency":false,"value":""},{"type":"select","required":true,"elementId":"select_7690c55e1b71be","label":"Kuju","priceOptions":"different_for_all","pricingType":"fixed","name":"select_7690c55e1b71be","cl_rule":"show","col":"4","values":[{"label":"\u00dcmmargune","value":"\u00fcmmargune","price":"","pimage":"","pimage_id":"","pthumb":"","gt_translate_keys":["label"]}],"relations":false,"active":true,"tooltip":"","dropdown_type":"basic","error":false,"gt_translate_keys":["label","tooltip"],"price_dependency":false,"cl_dependency":false,"value":""}],[{"type":"checkbox-group","elementId":"checkbox-group_2690c55e1b71c8","label":"Kaunistused","inline":true,"priceOptions":"different_for_all","pricingType":"fixed","name":"checkbox-group_2690c55e1b71c8","other_text":"Other","cl_rule":"show","col":3,"values":[{"label":"Kiri","value":"Kiri","price":"3","pimage":"","pimage_id":"","pthumb":"","tempId":"aco_115","gt_translate_keys":["label"]},{"label":"Makroonid","value":"makroon","price":"","pimage":"","pimage_id":"","pthumb":"","tempId":"aco_116","gt_translate_keys":["label"]}],"relations":false,"active":true,"tooltip":"","layOut":"inline","checkUi":"","error":false,"enablePrice":false,"gt_translate_keys":["label","tooltip"],"price_dependency":false,"cl_dependency":["number_7690c55e1b71d9","textarea_0690c55e1b71e1"],"value":""},{"label":"Kaunistused","active":true,"elementId":"checkbox-group_6690c55e1b71d2","tooltip":"","name":"checkbox-group_6690c55e1b71d2","enablePrice":true,"relations":false,"checkUi":"toggle","layOut":"inline","other_text":"Other","values":[{"label":"Marjad","value":"mari","price":"3","pimage":"","pimage_id":"","pthumb":"","tempId":"aco_173","gt_translate_keys":["label"]},{"label":"Suhkrupilt","value":"skp","price":"8.5","pimage":"","pimage_id":"","pthumb":"","tempId":"aco_176","gt_translate_keys":["label"]}],"priceOptions":"different_for_all","pricingType":"fixed","cl_rule":"show","col":3,"type":"checkbox-group","error":false,"gt_translate_keys":["label","tooltip"],"price_dependency":false,"cl_dependency":["file_4690c55e1b71ed"],"value":""}],[{"type":"number","elementId":"number_7690c55e1b71d9","label":"Makroonid","description":"max 3 tk","value":"1","enablePrice":true,"pricingType":"multiply","excl_chars_frm_length":"0","price":"1.60","min":"1","max":"3","name":"number_7690c55e1b71d9","enableCl":true,"cl_rule":"show","cl_val":"makroon","col":6,"relations":[{"operator":false,"rules":[{"operator":false,"rules":{"cl_field":"checkbox-group_2690c55e1b71c8","cl_relation":"is","cl_val":"makroon"}}]}],"active":true,"tooltip":"","gt_translate_keys":["label","description","value","tooltip"],"price_dependency":false,"cl_dependency":false}],[{"type":"textarea","elementId":"textarea_0690c55e1b71e1","label":"Kiri","placeholder":"Kirjuta siia tekst, mida soovid tordile...","pricingType":"fixed","rows":"2","name":"textarea_0690c55e1b71e1","enableCl":true,"cl_rule":"show","cl_val":"kiri","col":6,"relations":[{"operator":false,"rules":[{"operator":false,"rules":{"cl_field":"checkbox-group_2690c55e1b71c8","cl_relation":"is","cl_val":"kiri"}}]}],"active":true,"tooltip":"","gt_translate_keys":["label","placeholder","tooltip"],"price_dependency":false,"cl_dependency":false,"value":""}],[{"type":"file","elementId":"file_4690c55e1b71ed","label":"","pricingType":"fixed","ajax_upload":true,"uploadsize":"100","name":"file_4690c55e1b71ed","exts_supported":["jpg","jpeg","png"],"custom_style":true,"enableCl":true,"cl_rule":"show","cl_val":"a4","col":6,"relations":[{"operator":false,"rules":[{"operator":false,"rules":{"cl_field":"checkbox-group_6690c55e1b71d2","cl_relation":"is","cl_val":"skp"}}]}],"active":true,"tooltip":"","upload_type":"ajax","error":false,"allowedFileTypes":".jpg,.jpeg,.png","gt_translate_keys":["label","tooltip"],"price_dependency":false,"cl_dependency":false,"value":""}]]}},"config":{"price_override":"always","enable_recaptcha":false,"bind_quantity":false,"quantity_bind_formula":false,"disp_summ_show_option_price":true,"disp_summ_show_product_price":true,"disp_summ_show_total_price":true,"disp_summ_show_fee":false,"disp_summ_show_discount":false,"summary_title":"","options_total_label":"Options Price","total_label":"Kokku","options_product_label":"Product Price","fee_label":"Fee","discount_label":"Discount","has_price":true,"has_quantity_formula":false},"mc_unit":1,"tax_rate":1,"tax_rate_real":0.22,"discount":{"percentage":0,"fixed":0},"design":{"conf":{"LabelPosition":"above","DescPosition":"above","UploadField":"custom_1","QuantityFieldStyle":"default"},"css":{"LeftLabelWidth":"120px"}},"formulas":[],"clones":false,"cartKey":false}},"_links":{"self":[{"href":"https:\/\/pats.ee\/en\/wp-json\/wp\/v2\/product\/3845","targetHints":{"allow":["GET"]}}],"collection":[{"href":"https:\/\/pats.ee\/en\/wp-json\/wp\/v2\/product"}],"about":[{"href":"https:\/\/pats.ee\/en\/wp-json\/wp\/v2\/types\/product"}],"replies":[{"embeddable":true,"href":"https:\/\/pats.ee\/en\/wp-json\/wp\/v2\/comments?post=3845"}],"wp:featuredmedia":[{"embeddable":true,"href":"https:\/\/pats.ee\/en\/wp-json\/wp\/v2\/media\/10167"}],"wp:attachment":[{"href":"https:\/\/pats.ee\/en\/wp-json\/wp\/v2\/media?parent=3845"}],"wp:term":[{"taxonomy":"product_brand","embeddable":true,"href":"https:\/\/pats.ee\/en\/wp-json\/wp\/v2\/product_brand?post=3845"},{"taxonomy":"product_cat","embeddable":true,"href":"https:\/\/pats.ee\/en\/wp-json\/wp\/v2\/product_cat?post=3845"},{"taxonomy":"product_tag","embeddable":true,"href":"https:\/\/pats.ee\/en\/wp-json\/wp\/v2\/product_tag?post=3845"}],"curies":[{"name":"wp","href":"https:\/\/api.w.org\/{rel}","templated":true}]}}