{"id":3814,"date":"2022-04-26T12:48:05","date_gmt":"2022-04-26T09:48:05","guid":{"rendered":"https:\/\/xn--pts-qla.ee\/?post_type=product&#038;p=3814"},"modified":"2026-04-08T17:24:21","modified_gmt":"2026-04-08T14:24:21","slug":"sokolaadikringel","status":"publish","type":"product","link":"https:\/\/pats.ee\/en\/product\/sokolaadikringel\/","title":{"rendered":"\u0160okolaadikringel"},"content":{"rendered":"<p class=\"\" data-start=\"369\" data-end=\"540\">Chocolate sweet bread is exactly the kind of treat that comes to mind first. The soft yeast dough contains a delicious vanilla-chocolate cream that adds a juicy and full flavor. To make the bread truly chocolatey, it is covered in a rich chocolate glaze, making it a favorite with sweet tooths. This is a sweet bread that will never go unnoticed at a party table and is perfect for birthdays, thanksgiving, or as a weekend treat.<\/p>\n\n    <div class=\"xs_social_share_widget xs_share_url after_content \t\tmain_content  wslu-style-1 wslu-share-box-shaped wslu-fill-colored wslu-none wslu-share-horizontal wslu-theme-font-no wslu-main_content\">\n\n\t\t\n        <ul>\n\t\t\t        <\/ul>\n    <\/div>","protected":false},"excerpt":{"rendered":"<p>K\u00e4sit\u00f6\u00f6kringel, mille t\u00e4idiseks on \u0161okolaadikreem ja katteks helde \u0161okolaadinire &#8211; \u0161okohooliku lemmik igal peolaual!<\/p>","protected":false},"featured_media":3795,"comment_status":"open","ping_status":"closed","template":"","meta":[],"product_brand":[124],"product_cat":[53],"product_tag":[176,177,178,179,173],"class_list":{"0":"post-3814","1":"product","2":"type-product","3":"status-publish","4":"has-post-thumbnail","6":"product_brand-pats-sahver","7":"product_cat-kringlid","8":"product_tag-sokolaadikringel","9":"product_tag-vaniljekreemikringel","10":"product_tag-vanilje-sokolaadikringel","11":"product_tag-vaniljekreemi-sokolaadikringel","12":"product_tag-magus-kringel","13":"wcpa_has_options","15":"first","16":"instock","17":"taxable","18":"shipping-taxable","19":"purchasable","20":"product-type-simple"},"aioseo_notices":[],"wcpa_form_fields":{"wcpaData":{"product":{"product_price":15,"price_html":"<span class=\"woocommerce-Price-amount amount\"><bdi>15,00&nbsp;<span class=\"woocommerce-Price-currencySymbol\">&euro;<\/span><\/bdi><\/span>\/kg","original_product_price":15,"price_including_tax":15,"price_excluding_tax":12.295082,"product_id":{"parent":3814,"variation":false},"is_variable":false,"stock_status":"instock","stock_quantity":null,"parent_sku":"","product_attributes":{"koostisosad":{"is_variation":false,"values":["NISUJAHU, MUNAMASS, suhkur, p\u00e4evalille\u00f5li, kakao, dekstroos, V\u00d5I, PIIM, p\u00e4rm, MUNAKOLLANE, modifitseeritud t\u00e4rklis, palmirasv, vadakupulber, kakaolik\u00f6\u00f6r, kakaov\u00f5i, sool, SARAPUUP\u00c4HKLI pasta, kookoserasv, vanilliin, zeleerivad ained (E407, E461, E412), v\u00e4rvaine E160a, emulgaatorid (SOJALETSITIIN, E472a, E322)"]}},"custom_fields":[],"is_taxable":true,"product_name":"\u0160okolaadikringel","hasImage":false},"fields":{"sec_367f82e1fcea67":{"extra":{"key":"sec_367f82e1fcea67","section_id":"sec_367f82e1fcea67","name":"Default","status":1,"cl_rule":"show","enableCl":false,"relations":[],"toggle":true,"title_tag":"h3","show_title":false,"showPrice":"default","form_id":3785,"form_rules":{"exclude_from_discount":false,"fee_label":"Fee","disp_hide_options_price":false,"disp_show_section_price":false,"disp_show_field_price":true,"layout_option":"standard","pric_use_as_fee":false,"process_fee_as":"woo_fee"},"layout_option":"standard"},"fields":[[{"type":"select","required":true,"elementId":"wcpa-select-6267bad638702","label":"Kaal","description":"","desc_type":true,"enablePrice":true,"priceOptions":"fixed_for_all","pricingType":"custom","price":"{value}*{product_price}","name":"select-6267bad63870c","cl_rule":"show","col":"3","values":[{"label":"1 kg","value":"1","price":"15","pimage":"","pimage_id":"","pthumb":"","selected":true,"gt_translate_keys":["label"]},{"label":"1.5 kg","value":"1.5","price":"22.5","pimage":"","pimage_id":"","pthumb":"","gt_translate_keys":["label"]},{"label":"2 kg","value":"2","price":"30","pimage":"","pimage_id":"","pthumb":"","gt_translate_keys":["label"]},{"label":"2.5 kg","value":"2.5","price":"","pimage":"","pimage_id":"","pthumb":"","gt_translate_keys":["label"]}],"relations":false,"active":true,"tooltip":"140g inimese kohta.","error":false,"dropdown_type":"basic","isTemplate":false,"enableWeight":false,"weightOptions":"different_for_all","mapToCheckout":false,"repeater":false,"repeater_field_label":"{field_label}","repeater_bind":"","gt_translate_keys":["label","description","tooltip","repeater_field_label"],"price_dependency":false,"cl_dependency":false,"value":""}],[{"active":true,"col":6,"relations":[{"operator":false,"rules":[{"operator":false,"rules":{"cl_field":"product_ids","cl_relation":"is_in","cl_val":["3820","3821","3822"]}}]}],"cl_rule":"hide","enableCl":true,"price":"1","enablePrice":true,"className":"","label_position":"default","desc_position":"default","type":"checkbox-group","required":false,"elementId":"checkgroup_6909315971","label":"Lisandid","name":"checkgroup_6909315971","values":[{"label":"Rosinad","value":"Rosinad","selected":false,"tempId":"aco_187","gt_translate_keys":["label"]},{"label":"P\u00e4hklid","value":"P\u00e4hklid","selected":false,"tempId":"aco_188","gt_translate_keys":["label"]},{"label":"Topelt \u0161okolaad","value":"Topelt","selected":false,"tempId":"aco_189","gt_translate_keys":["label"]}],"layOut":"inline","error":false,"checkUi":"toggle","priceOptions":"fixed_for_all","pricingType":"fixed","gt_translate_keys":["label"],"price_dependency":false,"cl_dependency":false,"value":""}],[{"label":"Lisandid","active":true,"required":false,"elementId":"checkbox-group-8996061835","name":"checkbox-group-8996061835","label_position":"default","desc_position":"default","enablePrice":true,"className":"","enableCl":true,"relations":[{"operator":false,"rules":[{"operator":false,"rules":{"cl_field":"product_ids","cl_relation":"is_not_in","cl_val":["3820","3821","3822"]}}]}],"checkUi":"toggle","layOut":"inline","values":[{"label":"Jalapeno","value":"jalapeno","selected":false,"tempId":"aco_187","gt_translate_keys":["label"]}],"priceOptions":"fixed_for_all","pricingType":"fixed","price":"0.8","cl_rule":"hide","col":6,"type":"checkbox-group","error":false,"gt_translate_keys":["label"],"price_dependency":false,"cl_dependency":false,"value":""}]]}},"config":{"price_override":"always","enable_recaptcha":false,"bind_quantity":false,"quantity_bind_formula":false,"disp_summ_show_option_price":true,"disp_summ_show_product_price":true,"disp_summ_show_total_price":true,"disp_summ_show_fee":false,"disp_summ_show_discount":false,"summary_title":"","options_total_label":"Options Price","total_label":"Kokku","options_product_label":"Product Price","fee_label":"Fee","discount_label":"Discount","has_price":true,"has_quantity_formula":false},"mc_unit":1,"tax_rate":1,"tax_rate_real":0.22,"discount":{"percentage":0,"fixed":0},"design":{"conf":{"LabelPosition":"above","DescPosition":"above","UploadField":"custom_1","QuantityFieldStyle":"default"},"css":{"LeftLabelWidth":"120px"}},"formulas":[],"clones":false,"cartKey":false}},"_links":{"self":[{"href":"https:\/\/pats.ee\/en\/wp-json\/wp\/v2\/product\/3814","targetHints":{"allow":["GET"]}}],"collection":[{"href":"https:\/\/pats.ee\/en\/wp-json\/wp\/v2\/product"}],"about":[{"href":"https:\/\/pats.ee\/en\/wp-json\/wp\/v2\/types\/product"}],"replies":[{"embeddable":true,"href":"https:\/\/pats.ee\/en\/wp-json\/wp\/v2\/comments?post=3814"}],"wp:featuredmedia":[{"embeddable":true,"href":"https:\/\/pats.ee\/en\/wp-json\/wp\/v2\/media\/3795"}],"wp:attachment":[{"href":"https:\/\/pats.ee\/en\/wp-json\/wp\/v2\/media?parent=3814"}],"wp:term":[{"taxonomy":"product_brand","embeddable":true,"href":"https:\/\/pats.ee\/en\/wp-json\/wp\/v2\/product_brand?post=3814"},{"taxonomy":"product_cat","embeddable":true,"href":"https:\/\/pats.ee\/en\/wp-json\/wp\/v2\/product_cat?post=3814"},{"taxonomy":"product_tag","embeddable":true,"href":"https:\/\/pats.ee\/en\/wp-json\/wp\/v2\/product_tag?post=3814"}],"curies":[{"name":"wp","href":"https:\/\/api.w.org\/{rel}","templated":true}]}}