{"id":1243,"date":"2021-01-29T09:58:35","date_gmt":"2021-01-29T07:58:35","guid":{"rendered":"https:\/\/sahver.xn--pts-qla.ee\/?post_type=product&#038;p=1243"},"modified":"2026-04-06T21:57:28","modified_gmt":"2026-04-06T18:57:28","slug":"voicroissant","status":"publish","type":"product","link":"https:\/\/pats.ee\/en\/product\/voicroissant\/","title":{"rendered":"Croissant"},"content":{"rendered":"<p>P\u00e4tsi v\u00f5icroissant on valmistatud rohke v\u00f5iga p\u00e4rmilehttainast, mille kihiline struktuur ja kr\u00f5be koorik sulavad suus. See elegantne sarvesai sobib suurep\u00e4raselt nii hommikus\u00f6\u00f6giks, brant\u0161iks kui ka kergeks vahepalaks. Naudi seda lihtsalt niisama v\u00f5i lisa k\u00f5rvale moosi ja v\u00f5id. T\u00f5eline klassika, mis viib m\u00f5tted <a href=\"https:\/\/virumaateataja.postimees.ee\/7539256\/patsi-sahvris-saab-suhu-toelised-prantsuse-maitsed\">Pariisi kohvikut\u00e4navatele<\/a>.<\/p>\n\n    <div class=\"xs_social_share_widget xs_share_url after_content \t\tmain_content  wslu-style-1 wslu-share-box-shaped wslu-fill-colored wslu-none wslu-share-horizontal wslu-theme-font-no wslu-main_content\">\n\n\t\t\n        <ul>\n\t\t\t        <\/ul>\n    <\/div>","protected":false},"excerpt":{"rendered":"<p>Classic French butter croissant - airy, flaky and with lots of butter, perfect with your morning coffee.<\/p>","protected":false},"featured_media":9664,"comment_status":"open","ping_status":"closed","template":"","meta":[],"product_brand":[124],"product_cat":[59],"product_tag":[225,228,229,230],"class_list":{"0":"post-1243","1":"product","2":"type-product","3":"status-publish","4":"has-post-thumbnail","6":"product_brand-pats-sahver","7":"product_cat-soolased-saiakesed","8":"product_tag-croissant","9":"product_tag-voicroissant","10":"product_tag-klassikaline-croissant","11":"product_tag-sarvesai","13":"first","14":"instock","15":"taxable","16":"shipping-taxable","17":"purchasable","18":"product-type-simple"},"aioseo_notices":[],"wcpa_form_fields":null,"_links":{"self":[{"href":"https:\/\/pats.ee\/en\/wp-json\/wp\/v2\/product\/1243","targetHints":{"allow":["GET"]}}],"collection":[{"href":"https:\/\/pats.ee\/en\/wp-json\/wp\/v2\/product"}],"about":[{"href":"https:\/\/pats.ee\/en\/wp-json\/wp\/v2\/types\/product"}],"replies":[{"embeddable":true,"href":"https:\/\/pats.ee\/en\/wp-json\/wp\/v2\/comments?post=1243"}],"wp:featuredmedia":[{"embeddable":true,"href":"https:\/\/pats.ee\/en\/wp-json\/wp\/v2\/media\/9664"}],"wp:attachment":[{"href":"https:\/\/pats.ee\/en\/wp-json\/wp\/v2\/media?parent=1243"}],"wp:term":[{"taxonomy":"product_brand","embeddable":true,"href":"https:\/\/pats.ee\/en\/wp-json\/wp\/v2\/product_brand?post=1243"},{"taxonomy":"product_cat","embeddable":true,"href":"https:\/\/pats.ee\/en\/wp-json\/wp\/v2\/product_cat?post=1243"},{"taxonomy":"product_tag","embeddable":true,"href":"https:\/\/pats.ee\/en\/wp-json\/wp\/v2\/product_tag?post=1243"}],"curies":[{"name":"wp","href":"https:\/\/api.w.org\/{rel}","templated":true}]}}