{"id":1219,"date":"2021-01-01T01:00:01","date_gmt":"2020-12-31T23:00:01","guid":{"rendered":"https:\/\/sahver.xn--pts-qla.ee\/?post_type=product&#038;p=1219"},"modified":"2026-03-31T13:15:02","modified_gmt":"2026-03-31T10:15:02","slug":"rukkine-pats","status":"publish","type":"product","link":"https:\/\/pats.ee\/en\/product\/rukkine-pats\/","title":{"rendered":"Rye bread"},"content":{"rendered":"<p><a href=\"https:\/\/edasi.org\/102226\/kutsumus-pagar-saialohnaline-too\/\">Rye bread<\/a> on P\u00e4ts Sahvri leivavaliku alustala ja klientide kindel lemmik juba esimestest p\u00e4evadest. Tegemist on maheda ja tasakaalustatud maitsega rukki-nisu segaleivaga, mis sobib suurep\u00e4raselt nii hommikuv\u00f5ileivaks kui l\u00f5unase supi k\u00f5rvale. Kergelt tihke tekstuur, parajalt hapukas noot ja ehtne leival\u00f5hn teevad sellest t\u00f5elise koduse klassiku. Hea valik, kui hindad lihtsust, kvaliteeti ja puhast maitset.<\/p>\n\n    <div class=\"xs_social_share_widget xs_share_url after_content \t\tmain_content  wslu-style-1 wslu-share-box-shaped wslu-fill-colored wslu-none wslu-share-horizontal wslu-theme-font-no wslu-main_content\">\n\n\t\t\n        <ul>\n\t\t\t        <\/ul>\n    <\/div>","protected":false},"excerpt":{"rendered":"<p>P\u00e4tsi's first and most beloved bread - a rye-wheat mixed bread with a mild flavor, suitable as everyday bread for the whole family.<\/p>","protected":false},"featured_media":1596,"comment_status":"open","ping_status":"closed","template":"","meta":[],"product_brand":[124],"product_cat":[57],"product_tag":[199,200,201,202],"class_list":{"0":"post-1219","1":"product","2":"type-product","3":"status-publish","4":"has-post-thumbnail","6":"product_brand-pats-sahver","7":"product_cat-kasitooleib","8":"product_tag-rukkine-pats","9":"product_tag-rukkileib","10":"product_tag-kasitooleib","11":"product_tag-patsi-leib","13":"first","14":"instock","15":"taxable","16":"shipping-taxable","17":"purchasable","18":"product-type-simple"},"aioseo_notices":[],"wcpa_form_fields":null,"_links":{"self":[{"href":"https:\/\/pats.ee\/en\/wp-json\/wp\/v2\/product\/1219","targetHints":{"allow":["GET"]}}],"collection":[{"href":"https:\/\/pats.ee\/en\/wp-json\/wp\/v2\/product"}],"about":[{"href":"https:\/\/pats.ee\/en\/wp-json\/wp\/v2\/types\/product"}],"replies":[{"embeddable":true,"href":"https:\/\/pats.ee\/en\/wp-json\/wp\/v2\/comments?post=1219"}],"wp:featuredmedia":[{"embeddable":true,"href":"https:\/\/pats.ee\/en\/wp-json\/wp\/v2\/media\/1596"}],"wp:attachment":[{"href":"https:\/\/pats.ee\/en\/wp-json\/wp\/v2\/media?parent=1219"}],"wp:term":[{"taxonomy":"product_brand","embeddable":true,"href":"https:\/\/pats.ee\/en\/wp-json\/wp\/v2\/product_brand?post=1219"},{"taxonomy":"product_cat","embeddable":true,"href":"https:\/\/pats.ee\/en\/wp-json\/wp\/v2\/product_cat?post=1219"},{"taxonomy":"product_tag","embeddable":true,"href":"https:\/\/pats.ee\/en\/wp-json\/wp\/v2\/product_tag?post=1219"}],"curies":[{"name":"wp","href":"https:\/\/api.w.org\/{rel}","templated":true}]}}