{"id":1206,"date":"2021-01-27T13:45:37","date_gmt":"2021-01-27T11:45:37","guid":{"rendered":"https:\/\/sahver.xn--pts-qla.ee\/?post_type=product&#038;p=1206"},"modified":"2026-03-31T13:46:20","modified_gmt":"2026-03-31T10:46:20","slug":"britakook","status":"publish","type":"product","link":"https:\/\/pats.ee\/en\/product\/britakook\/","title":{"rendered":"Brita cake"},"content":{"rendered":"<p class=\"\" data-start=\"330\" data-end=\"635\">Brita cake is an airy and mouth-watering treat, where soft sponge layers provide a pleasant texture, while fresh whipped cream and juicy raspberries highlight summer flavors. The cake has a balanced taste and light texture, making it a great choice for any holiday and sweet moment to share. Brita cake is an ideal choice for enjoying with the family, but is also suitable for anniversaries or as a gift. Created to be a summery delight for every taste.<\/p>\n\n    <div class=\"xs_social_share_widget xs_share_url after_content \t\tmain_content  wslu-style-1 wslu-share-box-shaped wslu-fill-colored wslu-none wslu-share-horizontal wslu-theme-font-no wslu-main_content\">\n\n\t\t\n        <ul>\n\t\t\t        <\/ul>\n    <\/div>","protected":false},"excerpt":{"rendered":"<p>An airy brita cake with fresh whipped cream and juicy raspberries between layers of sponge cake - the perfect summer treat.<\/p>","protected":false},"featured_media":11176,"comment_status":"open","ping_status":"closed","template":"","meta":[],"product_brand":[124],"product_cat":[55],"product_tag":[259,260,261],"class_list":{"0":"post-1206","1":"product","2":"type-product","3":"status-publish","4":"has-post-thumbnail","6":"product_brand-pats-sahver","7":"product_cat-koogid","8":"product_tag-britakook","9":"product_tag-vaarikatega-kook","10":"product_tag-brita","11":"wcpa_has_options","13":"first","14":"instock","15":"sold-individually","16":"taxable","17":"shipping-taxable","18":"purchasable","19":"product-type-simple"},"aioseo_notices":[],"wcpa_form_fields":{"wcpaData":{"product":{"product_price":18,"price_html":"<span class=\"woocommerce-Price-amount amount\"><bdi>18,00&nbsp;<span class=\"woocommerce-Price-currencySymbol\">&euro;<\/span><\/bdi><\/span>","original_product_price":18,"price_including_tax":18,"price_excluding_tax":14.754097999999999,"product_id":{"parent":1206,"variation":false},"is_variable":false,"stock_status":"instock","stock_quantity":null,"parent_sku":"","product_attributes":{"koostisosad":{"is_variation":false,"values":["R\u00d5\u00d5SK KOOR, suhkur, vaarikad, V\u00d5I, NISUJAHU, PIIM, MUNAKOLLANE, MUNAVALGE, gl\u00fckoos, modifitseeritud t\u00e4rklis, VADAKUPULBER, \u017eeleeriv aine E401, happesuse regulaatorid (E450, E263, E516, E339), kergitusaine E500, toiduv\u00e4rv E160a, looduslik toiduv\u00e4rv punapeet"]},"toitumisalane-teave":{"is_variation":false,"values":["100 g toodet sisaldab keskmiselt: energiat kJ\/kcal 1415,1\/339,0; rasva 20,4 g, millest k\u00fcllastunud rasvhappeid 11,7 g; s\u00fcsivesikuid 33,1 g, millest suhkruid 24,6 g; kiudaineid 1,1 g; valke 5,1 g, soola 0,1 g"]}},"custom_fields":[],"is_taxable":true,"product_name":"Britakook","hasImage":false},"fields":{"sec_467f82e51b0af8":{"extra":{"key":"sec_467f82e51b0af8","section_id":"sec_467f82e51b0af8","name":"Default","status":1,"cl_rule":"show","enableCl":false,"relations":[],"toggle":true,"title_tag":"h3","show_title":false,"showPrice":"default","form_id":3412,"form_rules":{"exclude_from_discount":false,"fee_label":"Fee","disp_hide_options_price":false,"disp_show_section_price":false,"disp_show_field_price":true,"layout_option":"standard","pric_use_as_fee":false,"process_fee_as":"woo_fee"},"layout_option":"standard"},"fields":[[{"type":"select","required":true,"elementId":"wcpa-select-61f030f19d2f6","label":"Kaal","description":"","desc_type":true,"enablePrice":true,"priceOptions":"fixed_for_all","pricingType":"custom","price":"{value}*{product_price}","name":"select-61f030f19d301","cl_rule":"show","col":"3","values":[{"label":"1 kg","value":"1","price":"15","pimage":"","pimage_id":"","pthumb":"","selected":true,"gt_translate_keys":["label"]},{"label":"1.5 kg","value":"1.5","price":"22.5","pimage":"","pimage_id":"","pthumb":"","gt_translate_keys":["label"]},{"label":"2 kg","value":"2","price":"30","pimage":"","pimage_id":"","pthumb":"","gt_translate_keys":["label"]}],"relations":false,"active":true,"tooltip":"140g inimese kohta.","gt_translate_keys":["label","description","tooltip"],"price_dependency":false,"cl_dependency":false,"value":""}]]}},"config":{"price_override":"always","enable_recaptcha":false,"bind_quantity":false,"quantity_bind_formula":false,"disp_summ_show_option_price":true,"disp_summ_show_product_price":true,"disp_summ_show_total_price":true,"disp_summ_show_fee":false,"disp_summ_show_discount":false,"summary_title":"","options_total_label":"Options Price","total_label":"Kokku","options_product_label":"Product Price","fee_label":"Fee","discount_label":"Discount","has_price":true,"has_quantity_formula":false},"mc_unit":1,"tax_rate":1,"tax_rate_real":0.22,"discount":{"percentage":0,"fixed":0},"design":{"conf":{"LabelPosition":"above","DescPosition":"above","UploadField":"custom_1","QuantityFieldStyle":"default"},"css":{"LeftLabelWidth":"120px"}},"formulas":[],"clones":false,"cartKey":false}},"_links":{"self":[{"href":"https:\/\/pats.ee\/en\/wp-json\/wp\/v2\/product\/1206","targetHints":{"allow":["GET"]}}],"collection":[{"href":"https:\/\/pats.ee\/en\/wp-json\/wp\/v2\/product"}],"about":[{"href":"https:\/\/pats.ee\/en\/wp-json\/wp\/v2\/types\/product"}],"replies":[{"embeddable":true,"href":"https:\/\/pats.ee\/en\/wp-json\/wp\/v2\/comments?post=1206"}],"wp:featuredmedia":[{"embeddable":true,"href":"https:\/\/pats.ee\/en\/wp-json\/wp\/v2\/media\/11176"}],"wp:attachment":[{"href":"https:\/\/pats.ee\/en\/wp-json\/wp\/v2\/media?parent=1206"}],"wp:term":[{"taxonomy":"product_brand","embeddable":true,"href":"https:\/\/pats.ee\/en\/wp-json\/wp\/v2\/product_brand?post=1206"},{"taxonomy":"product_cat","embeddable":true,"href":"https:\/\/pats.ee\/en\/wp-json\/wp\/v2\/product_cat?post=1206"},{"taxonomy":"product_tag","embeddable":true,"href":"https:\/\/pats.ee\/en\/wp-json\/wp\/v2\/product_tag?post=1206"}],"curies":[{"name":"wp","href":"https:\/\/api.w.org\/{rel}","templated":true}]}}