{"id":1201,"date":"2021-01-27T09:57:21","date_gmt":"2021-01-27T07:57:21","guid":{"rendered":"https:\/\/sahver.xn--pts-qla.ee\/?post_type=product&#038;p=1201"},"modified":"2026-03-31T13:56:35","modified_gmt":"2026-03-31T10:56:35","slug":"toorjuustu-karamelli-rullbiskviit","status":"publish","type":"product","link":"https:\/\/pats.ee\/en\/product\/toorjuustu-karamelli-rullbiskviit\/","title":{"rendered":"Cream cheese and caramel sponge cake"},"content":{"rendered":"<p>The cream cheese roll is a real sweet treat. The soft cake with a cream cheese filling is topped with a caramel layer and covered with toasted almond flakes. The sweetness of the caramel combined with the pleasant crunch of the toasted almonds gives this roll a special taste experience that will make every sweet tooth's heart beat faster.<\/p>\n\n    <div class=\"xs_social_share_widget xs_share_url after_content \t\tmain_content  wslu-style-1 wslu-share-box-shaped wslu-fill-colored wslu-none wslu-share-horizontal wslu-theme-font-no wslu-main_content\">\n\n\t\t\n        <ul>\n\t\t\t        <\/ul>\n    <\/div>","protected":false},"excerpt":{"rendered":"<p>A rolled sponge cake with cream cheese, topped with a caramel layer and toasted almond chips. A true sweet tooth favorite.<\/p>","protected":false},"featured_media":9847,"comment_status":"open","ping_status":"closed","template":"","meta":[],"product_brand":[124],"product_cat":[55],"product_tag":[265,267,283],"class_list":{"0":"post-1201","1":"product","2":"type-product","3":"status-publish","4":"has-post-thumbnail","6":"product_brand-pats-sahver","7":"product_cat-koogid","8":"product_tag-rullbiskviit","9":"product_tag-rullkook","10":"product_tag-toorjuustu-karamelli-rullbiskviit","11":"wcpa_has_options","13":"first","14":"instock","15":"sold-individually","16":"taxable","17":"shipping-taxable","18":"purchasable","19":"product-type-simple"},"aioseo_notices":[],"wcpa_form_fields":{"wcpaData":{"product":{"product_price":18,"price_html":"<span class=\"woocommerce-Price-amount amount\"><bdi>18,00&nbsp;<span class=\"woocommerce-Price-currencySymbol\">&euro;<\/span><\/bdi><\/span>","original_product_price":18,"price_including_tax":18,"price_excluding_tax":14.754097999999999,"product_id":{"parent":1201,"variation":false},"is_variable":false,"stock_status":"instock","stock_quantity":null,"parent_sku":"","product_attributes":{"koostisosad":{"is_variation":false,"values":["MASCARPONE TOORJUUST 25%, R\u00d5\u00d5SK KOOR, NISUJAHU, suhkur, MUNAMASS, maisit\u00e4rklis, MANDLILAAST, gl\u00fckoosi-fruktoosisiirup, palmi\u00f5li, meresool, \u017eeleeriv aine E401, niiskuses\u00e4ilitaja E422, toiduv\u00e4rvid (E160a, looduslik toiduv\u00e4rv punpeet), modifitseeritud t\u00e4rklis, emulgaatorid (E460, E471, E475), L\u00d5SSIPULBER, paksendaja E435, kergitusaine E500, s\u00e4ilitusaine E202"]}},"custom_fields":[],"is_taxable":true,"product_name":"Toorjuustu-karamelli rullbiskviit","hasImage":false},"fields":{"sec_06894d96184549":{"extra":{"key":"sec_06894d96184549","section_id":"sec_06894d96184549","name":"Default","status":1,"cl_rule":"show","enableCl":false,"relations":[],"toggle":true,"title_tag":"h3","show_title":false,"showPrice":"default","form_id":10154,"form_rules":{"exclude_from_discount":false,"fee_label":"Fee","disp_hide_options_price":false,"disp_show_section_price":false,"disp_show_field_price":true,"layout_option":"standard","pric_use_as_fee":false,"process_fee_as":"woo_fee"},"layout_option":"standard"},"fields":[[{"type":"select","required":true,"elementId":"select_86894d96184584","label":"Kaal","description":"","desc_type":true,"enablePrice":true,"priceOptions":"fixed_for_all","pricingType":"custom","price":"{value}*{product_price}","name":"select_86894d96184584","cl_rule":"show","col":"3","values":[{"label":"0.6 kg","value":"0.6","price":"15","pimage":"","pimage_id":"","pthumb":"","selected":true,"tempId":"aco_19","gt_translate_keys":["label"]},{"label":"1.2 kg","value":"1.2","price":"22.5","pimage":"","pimage_id":"","pthumb":"","tempId":"aco_20","gt_translate_keys":["label"]}],"relations":false,"active":true,"tooltip":"140g inimese kohta.","error":false,"dropdown_type":"basic","isTemplate":false,"enableWeight":false,"weightOptions":"different_for_all","mapToCheckout":false,"repeater":false,"repeater_field_label":"{field_label}","repeater_bind":"","gt_translate_keys":["label","description","tooltip","repeater_field_label"],"price_dependency":false,"cl_dependency":false,"value":""}]]}},"config":{"price_override":"always","enable_recaptcha":false,"bind_quantity":false,"quantity_bind_formula":false,"disp_summ_show_option_price":true,"disp_summ_show_product_price":true,"disp_summ_show_total_price":true,"disp_summ_show_fee":false,"disp_summ_show_discount":false,"summary_title":"","options_total_label":"Options Price","total_label":"Kokku","options_product_label":"Product Price","fee_label":"Fee","discount_label":"Discount","has_price":true,"has_quantity_formula":false},"mc_unit":1,"tax_rate":1,"tax_rate_real":0.22,"discount":{"percentage":0,"fixed":0},"design":{"conf":{"LabelPosition":"above","DescPosition":"above","UploadField":"custom_1","QuantityFieldStyle":"default"},"css":{"LeftLabelWidth":"120px"}},"formulas":[],"clones":false,"cartKey":false}},"_links":{"self":[{"href":"https:\/\/pats.ee\/en\/wp-json\/wp\/v2\/product\/1201","targetHints":{"allow":["GET"]}}],"collection":[{"href":"https:\/\/pats.ee\/en\/wp-json\/wp\/v2\/product"}],"about":[{"href":"https:\/\/pats.ee\/en\/wp-json\/wp\/v2\/types\/product"}],"replies":[{"embeddable":true,"href":"https:\/\/pats.ee\/en\/wp-json\/wp\/v2\/comments?post=1201"}],"wp:featuredmedia":[{"embeddable":true,"href":"https:\/\/pats.ee\/en\/wp-json\/wp\/v2\/media\/9847"}],"wp:attachment":[{"href":"https:\/\/pats.ee\/en\/wp-json\/wp\/v2\/media?parent=1201"}],"wp:term":[{"taxonomy":"product_brand","embeddable":true,"href":"https:\/\/pats.ee\/en\/wp-json\/wp\/v2\/product_brand?post=1201"},{"taxonomy":"product_cat","embeddable":true,"href":"https:\/\/pats.ee\/en\/wp-json\/wp\/v2\/product_cat?post=1201"},{"taxonomy":"product_tag","embeddable":true,"href":"https:\/\/pats.ee\/en\/wp-json\/wp\/v2\/product_tag?post=1201"}],"curies":[{"name":"wp","href":"https:\/\/api.w.org\/{rel}","templated":true}]}}