{"id":1198,"date":"2021-01-27T09:54:24","date_gmt":"2021-01-27T07:54:24","guid":{"rendered":"https:\/\/sahver.xn--pts-qla.ee\/?post_type=product&#038;p=1198"},"modified":"2026-03-31T13:52:13","modified_gmt":"2026-03-31T10:52:13","slug":"teatri-sokolaadi-kirsikook","status":"publish","type":"product","link":"https:\/\/pats.ee\/en\/product\/teatri-sokolaadi-kirsikook\/","title":{"rendered":"Chocolate-cherry cake"},"content":{"rendered":"<p>This sponge cake is the perfect balance between sweetness and tartness. A soft sponge cake with silky chocolate cream and juicy tart cherries. All of this is covered in chocolate chips that add a pleasantly rich flavor. You can't miss this cake - a favorite of P\u00e4ts's friends, suitable for any anniversary or festive moment.<\/p>\n\n    <div class=\"xs_social_share_widget xs_share_url after_content \t\tmain_content  wslu-style-1 wslu-share-box-shaped wslu-fill-colored wslu-none wslu-share-horizontal wslu-theme-font-no wslu-main_content\">\n\n\t\t\n        <ul>\n\t\t\t        <\/ul>\n    <\/div>","protected":false},"excerpt":{"rendered":"<p>A delicious sponge cake where chocolate cream and tart cherries meet, covered in chocolate chips. A firm favorite of P\u00e4ts friends!<\/p>","protected":false},"featured_media":1523,"comment_status":"open","ping_status":"closed","template":"","meta":[],"product_brand":[124],"product_cat":[55],"product_tag":[277,278,279,280],"class_list":{"0":"post-1198","1":"product","2":"type-product","3":"status-publish","4":"has-post-thumbnail","6":"product_brand-pats-sahver","7":"product_cat-koogid","8":"product_tag-teatrikook","9":"product_tag-sokolaadikook","10":"product_tag-kirsikook","11":"product_tag-sokolaadi-kirsikook","12":"wcpa_has_options","14":"first","15":"instock","16":"sold-individually","17":"taxable","18":"shipping-taxable","19":"purchasable","20":"product-type-simple"},"aioseo_notices":[],"wcpa_form_fields":{"wcpaData":{"product":{"product_price":20,"price_html":"<span class=\"woocommerce-Price-amount amount\"><bdi>20,00&nbsp;<span class=\"woocommerce-Price-currencySymbol\">&euro;<\/span><\/bdi><\/span>","original_product_price":20,"price_including_tax":20,"price_excluding_tax":16.393443,"product_id":{"parent":1198,"variation":false},"is_variable":false,"stock_status":"instock","stock_quantity":null,"parent_sku":"","product_attributes":{"koostisosad":{"is_variation":false,"values":["R\u00d5\u00d5SK KOOR, kirsid 20%, NISUJAHU, suhkur, MUNAMASS, palmirasv, kakao, apelsinimahl, maisit\u00e4rklis, kakaov\u00f5i, sorbitool E420, kergitusaine E503. \u0160okolaadi koogis 3%."]},"toitumisalane-teave":{"is_variation":false,"values":["100 g toodet sisaldab keskmiselt: energia 333,9kcal\/1389,3kJ; rasvad 22,6 g: k\u00fcllastunud rasvhapped 11,4 g; s\u00fcsivesikud 27,9 g, millest suhkruid 25,8 g; kiudained 2,9 g; valgud 3,2 g; sool 1,3 g"]}},"custom_fields":[],"is_taxable":true,"product_name":"Teatri \u0161okolaadi-kirsikook","hasImage":false},"fields":{"sec_467f82e51b0af8":{"extra":{"key":"sec_467f82e51b0af8","section_id":"sec_467f82e51b0af8","name":"Default","status":1,"cl_rule":"show","enableCl":false,"relations":[],"toggle":true,"title_tag":"h3","show_title":false,"showPrice":"default","form_id":3412,"form_rules":{"exclude_from_discount":false,"fee_label":"Fee","disp_hide_options_price":false,"disp_show_section_price":false,"disp_show_field_price":true,"layout_option":"standard","pric_use_as_fee":false,"process_fee_as":"woo_fee"},"layout_option":"standard"},"fields":[[{"type":"select","required":true,"elementId":"wcpa-select-61f030f19d2f6","label":"Kaal","description":"","desc_type":true,"enablePrice":true,"priceOptions":"fixed_for_all","pricingType":"custom","price":"{value}*{product_price}","name":"select-61f030f19d301","cl_rule":"show","col":"3","values":[{"label":"1 kg","value":"1","price":"15","pimage":"","pimage_id":"","pthumb":"","selected":true,"gt_translate_keys":["label"]},{"label":"1.5 kg","value":"1.5","price":"22.5","pimage":"","pimage_id":"","pthumb":"","gt_translate_keys":["label"]},{"label":"2 kg","value":"2","price":"30","pimage":"","pimage_id":"","pthumb":"","gt_translate_keys":["label"]}],"relations":false,"active":true,"tooltip":"140g inimese kohta.","gt_translate_keys":["label","description","tooltip"],"price_dependency":false,"cl_dependency":false,"value":""}]]}},"config":{"price_override":"always","enable_recaptcha":false,"bind_quantity":false,"quantity_bind_formula":false,"disp_summ_show_option_price":true,"disp_summ_show_product_price":true,"disp_summ_show_total_price":true,"disp_summ_show_fee":false,"disp_summ_show_discount":false,"summary_title":"","options_total_label":"Options Price","total_label":"Kokku","options_product_label":"Product Price","fee_label":"Fee","discount_label":"Discount","has_price":true,"has_quantity_formula":false},"mc_unit":1,"tax_rate":1,"tax_rate_real":0.22,"discount":{"percentage":0,"fixed":0},"design":{"conf":{"LabelPosition":"above","DescPosition":"above","UploadField":"custom_1","QuantityFieldStyle":"default"},"css":{"LeftLabelWidth":"120px"}},"formulas":[],"clones":false,"cartKey":false}},"_links":{"self":[{"href":"https:\/\/pats.ee\/en\/wp-json\/wp\/v2\/product\/1198","targetHints":{"allow":["GET"]}}],"collection":[{"href":"https:\/\/pats.ee\/en\/wp-json\/wp\/v2\/product"}],"about":[{"href":"https:\/\/pats.ee\/en\/wp-json\/wp\/v2\/types\/product"}],"replies":[{"embeddable":true,"href":"https:\/\/pats.ee\/en\/wp-json\/wp\/v2\/comments?post=1198"}],"wp:featuredmedia":[{"embeddable":true,"href":"https:\/\/pats.ee\/en\/wp-json\/wp\/v2\/media\/1523"}],"wp:attachment":[{"href":"https:\/\/pats.ee\/en\/wp-json\/wp\/v2\/media?parent=1198"}],"wp:term":[{"taxonomy":"product_brand","embeddable":true,"href":"https:\/\/pats.ee\/en\/wp-json\/wp\/v2\/product_brand?post=1198"},{"taxonomy":"product_cat","embeddable":true,"href":"https:\/\/pats.ee\/en\/wp-json\/wp\/v2\/product_cat?post=1198"},{"taxonomy":"product_tag","embeddable":true,"href":"https:\/\/pats.ee\/en\/wp-json\/wp\/v2\/product_tag?post=1198"}],"curies":[{"name":"wp","href":"https:\/\/api.w.org\/{rel}","templated":true}]}}