{"id":11771,"date":"2026-04-28T13:22:48","date_gmt":"2026-04-28T10:22:48","guid":{"rendered":"https:\/\/pats.ee\/?post_type=product&#038;p=11771"},"modified":"2026-04-28T13:43:04","modified_gmt":"2026-04-28T10:43:04","slug":"gluteenivaba-singi-juustukringel","status":"publish","type":"product","link":"https:\/\/pats.ee\/en\/product\/gluteenivaba-singi-juustukringel\/","title":{"rendered":"Gluteenivaba singi-juustukringel"},"content":{"rendered":"<p class=\"\" data-start=\"388\" data-end=\"552\">See k\u00e4sit\u00f6\u00f6na valminud gluteenivaba kringel on rikkaliku singi-juustut\u00e4idisega ning pealt kaetud juustukattega. Maitsekas, toitev ja m\u00f5nusalt pehme tekstuuriga kringel sobib suurep\u00e4raselt nii pidulikele \u00fcritustele, kontoril\u00f5unaks kui ka perega nautimiseks. Kui otsid midagi soolast ja kindlalt meelep\u00e4rast &#8211; see kringel ei vea alt.<\/p>\n<p data-start=\"388\" data-end=\"552\"><strong>NB! Meie tootmises on jahutolm, ts\u00f6liaakia korral see toode ei sobi!\u00a0<\/strong><\/p>\n\n    <div class=\"xs_social_share_widget xs_share_url after_content \t\tmain_content  wslu-style-1 wslu-share-box-shaped wslu-fill-colored wslu-none wslu-share-horizontal wslu-theme-font-no wslu-main_content\">\n\n\t\t\n        <ul>\n\t\t\t        <\/ul>\n    <\/div>","protected":false},"excerpt":{"rendered":"<p>K\u00e4sit\u00f6\u00f6na valminud gluteeniavaba singi-juustukringel pakatab mahlasest t\u00e4idisest ja on kaetud juustukattega &#8211; ideaalne soolane suupiste jagamiseks.<\/p>","protected":false},"featured_media":11775,"comment_status":"open","ping_status":"closed","template":"","meta":[],"product_brand":[124],"product_cat":[53],"product_tag":[155,156,170,171],"class_list":{"0":"post-11771","1":"product","2":"type-product","3":"status-publish","4":"has-post-thumbnail","6":"product_brand-pats-sahver","7":"product_cat-kringlid","8":"product_tag-juustukringel","9":"product_tag-soolane-kringel","10":"product_tag-singi-juustukringel","11":"product_tag-singikringel","12":"wcpa_has_options","14":"first","15":"instock","16":"taxable","17":"shipping-taxable","18":"purchasable","19":"product-type-simple"},"aioseo_notices":[],"wcpa_form_fields":{"wcpaData":{"product":{"product_price":18,"price_html":"<span class=\"woocommerce-Price-amount amount\"><bdi>18,00&nbsp;<span class=\"woocommerce-Price-currencySymbol\">&euro;<\/span><\/bdi><\/span>\/kg","original_product_price":18,"price_including_tax":18,"price_excluding_tax":14.754097999999999,"product_id":{"parent":11771,"variation":false},"is_variable":false,"stock_status":"instock","stock_quantity":null,"parent_sku":"","product_attributes":[],"custom_fields":[],"is_taxable":true,"product_name":"Gluteenivaba singi-juustukringel","hasImage":false},"fields":{"sec_769f08a0942166":{"extra":{"key":"sec_769f08a0942166","section_id":"sec_769f08a0942166","name":"Default","status":1,"cl_rule":"show","enableCl":false,"relations":[],"toggle":true,"title_tag":"h3","show_title":false,"showPrice":"default","form_id":11770,"form_rules":{"exclude_from_discount":false,"fee_label":"Fee","disp_hide_options_price":false,"disp_show_section_price":false,"disp_show_field_price":true,"layout_option":"standard","pric_use_as_fee":false,"process_fee_as":"woo_fee"},"layout_option":"standard"},"fields":[[{"type":"select","required":true,"elementId":"select_869f08a094218d","label":"Kaal","description":"","desc_type":true,"enablePrice":true,"priceOptions":"fixed_for_all","pricingType":"custom","price":"{value}*{product_price}","name":"select_869f08a094218d","cl_rule":"show","col":"3","values":[{"label":"1 kg","value":"1","price":"15","pimage":"","pimage_id":"","pthumb":"","selected":true,"gt_translate_keys":["label"]},{"label":"1.5 kg","value":"1.5","price":"22.5","pimage":"","pimage_id":"","pthumb":"","gt_translate_keys":["label"]},{"label":"2 kg","value":"2","price":"30","pimage":"","pimage_id":"","pthumb":"","gt_translate_keys":["label"]},{"label":"2.5 kg","value":"2.5","price":"","pimage":"","pimage_id":"","pthumb":"","gt_translate_keys":["label"]}],"relations":false,"active":true,"tooltip":"140g inimese kohta.","error":false,"dropdown_type":"basic","isTemplate":false,"enableWeight":false,"weightOptions":"different_for_all","mapToCheckout":false,"repeater":false,"repeater_field_label":"{field_label}","repeater_bind":"","gt_translate_keys":["label","description","tooltip","repeater_field_label"],"price_dependency":false,"cl_dependency":false,"value":""}],[{"label":"Lisandid","active":true,"required":false,"elementId":"checkbox-group_469f08a09421a4","name":"checkbox-group_469f08a09421a4","label_position":"default","desc_position":"default","enablePrice":true,"className":"","enableCl":true,"relations":[{"operator":false,"rules":[{"operator":false,"rules":{"cl_field":"product_ids","cl_relation":"is_not_in","cl_val":["3820","3821","3822"]}}]}],"checkUi":"toggle","layOut":"inline","values":[{"label":"Jalapeno","value":"jalapeno","selected":false,"tempId":"aco_187","gt_translate_keys":["label"]}],"priceOptions":"fixed_for_all","pricingType":"fixed","price":"0.8","cl_rule":"hide","col":6,"type":"checkbox-group","error":false,"gt_translate_keys":["label"],"price_dependency":false,"cl_dependency":false,"value":""}]]}},"config":{"price_override":"always","enable_recaptcha":false,"bind_quantity":false,"quantity_bind_formula":false,"disp_summ_show_option_price":true,"disp_summ_show_product_price":true,"disp_summ_show_total_price":true,"disp_summ_show_fee":false,"disp_summ_show_discount":false,"summary_title":"","options_total_label":"Options Price","total_label":"Kokku","options_product_label":"Product Price","fee_label":"Fee","discount_label":"Discount","has_price":true,"has_quantity_formula":false},"mc_unit":1,"tax_rate":1,"tax_rate_real":0.22,"discount":{"percentage":0,"fixed":0},"design":{"conf":{"LabelPosition":"above","DescPosition":"above","UploadField":"custom_1","QuantityFieldStyle":"default"},"css":{"LeftLabelWidth":"120px"}},"formulas":[],"clones":false,"cartKey":false}},"_links":{"self":[{"href":"https:\/\/pats.ee\/en\/wp-json\/wp\/v2\/product\/11771","targetHints":{"allow":["GET"]}}],"collection":[{"href":"https:\/\/pats.ee\/en\/wp-json\/wp\/v2\/product"}],"about":[{"href":"https:\/\/pats.ee\/en\/wp-json\/wp\/v2\/types\/product"}],"replies":[{"embeddable":true,"href":"https:\/\/pats.ee\/en\/wp-json\/wp\/v2\/comments?post=11771"}],"wp:featuredmedia":[{"embeddable":true,"href":"https:\/\/pats.ee\/en\/wp-json\/wp\/v2\/media\/11775"}],"wp:attachment":[{"href":"https:\/\/pats.ee\/en\/wp-json\/wp\/v2\/media?parent=11771"}],"wp:term":[{"taxonomy":"product_brand","embeddable":true,"href":"https:\/\/pats.ee\/en\/wp-json\/wp\/v2\/product_brand?post=11771"},{"taxonomy":"product_cat","embeddable":true,"href":"https:\/\/pats.ee\/en\/wp-json\/wp\/v2\/product_cat?post=11771"},{"taxonomy":"product_tag","embeddable":true,"href":"https:\/\/pats.ee\/en\/wp-json\/wp\/v2\/product_tag?post=11771"}],"curies":[{"name":"wp","href":"https:\/\/api.w.org\/{rel}","templated":true}]}}