{"id":11735,"date":"2026-04-23T08:10:03","date_gmt":"2026-04-23T05:10:03","guid":{"rendered":"https:\/\/pats.ee\/?post_type=product&#038;p=11735"},"modified":"2026-04-23T08:17:01","modified_gmt":"2026-04-23T05:17:01","slug":"valge-sokolaadi-minitort","status":"publish","type":"product","link":"https:\/\/pats.ee\/en\/product\/valge-sokolaadi-minitort\/","title":{"rendered":"Valge \u0161okolaadi minitort"},"content":{"rendered":"<p data-start=\"510\" data-end=\"661\">P\u00e4ts Sahvri valge \u0161okolaadi minitort vaarikatega on v\u00e4ike, kuid maitsetelt rikkalik dessert, mis pakub t\u00e4iuslikku tasakaalu magusa ja v\u00e4rske vahel. Minitordi aluseks on k\u00fcpsisep\u00f5hi, millele j\u00e4rgneb siidine ja kreemjas valge \u0161okolaadi juustut\u00e4idis. T\u00e4idises peituvad vaarikad, mis lisavad igasse ampsu m\u00f5nusat hapukust ja toovad esile valge \u0161okolaadi pehme magususe.<\/p>\n<p data-start=\"900\" data-end=\"923\">See minitort on loodud:<\/p>\n<ul data-start=\"924\" data-end=\"1074\">\n<li data-section-id=\"17lvcx0\" data-start=\"924\" data-end=\"999\">\u00fchele suurele magusas\u00f5brale, kes tahab nautida midagi p\u00e4riselt head<\/li>\n<li data-section-id=\"a3ooc\" data-start=\"1000\" data-end=\"1074\">v\u00f5i kahele jagamiseks, kui soovid kellegagi hetke magusamaks muuta<\/li>\n<\/ul>\n\n    <div class=\"xs_social_share_widget xs_share_url after_content \t\tmain_content  wslu-style-1 wslu-share-box-shaped wslu-fill-colored wslu-none wslu-share-horizontal wslu-theme-font-no wslu-main_content\">\n\n\t\t\n        <ul>\n\t\t\t        <\/ul>\n    <\/div>","protected":false},"excerpt":{"rendered":"<p>Valge \u0161okolaadi minitort on kreemjas ja marjase v\u00e4rskusega juustukook, kus k\u00fcpsisep\u00f5hi, valge \u0161okolaad ja vaarikad loovad m\u00f5nusa tasakaalu. Ideaalne \u00fchele v\u00f5i jagamiseks kahele.<\/p>","protected":false},"featured_media":11734,"comment_status":"open","ping_status":"closed","template":"","meta":[],"product_brand":[124],"product_cat":[58],"product_tag":[304,306,307,308],"class_list":{"0":"post-11735","1":"product","2":"type-product","3":"status-publish","4":"has-post-thumbnail","6":"product_brand-pats-sahver","7":"product_cat-maiustused","8":"product_tag-mousseetort","9":"product_tag-valge-sokolaadi-tort","10":"product_tag-juustukook","11":"product_tag-minitort","13":"first","14":"instock","15":"taxable","16":"shipping-taxable","17":"purchasable","18":"product-type-simple"},"aioseo_notices":[],"wcpa_form_fields":null,"_links":{"self":[{"href":"https:\/\/pats.ee\/en\/wp-json\/wp\/v2\/product\/11735","targetHints":{"allow":["GET"]}}],"collection":[{"href":"https:\/\/pats.ee\/en\/wp-json\/wp\/v2\/product"}],"about":[{"href":"https:\/\/pats.ee\/en\/wp-json\/wp\/v2\/types\/product"}],"replies":[{"embeddable":true,"href":"https:\/\/pats.ee\/en\/wp-json\/wp\/v2\/comments?post=11735"}],"wp:featuredmedia":[{"embeddable":true,"href":"https:\/\/pats.ee\/en\/wp-json\/wp\/v2\/media\/11734"}],"wp:attachment":[{"href":"https:\/\/pats.ee\/en\/wp-json\/wp\/v2\/media?parent=11735"}],"wp:term":[{"taxonomy":"product_brand","embeddable":true,"href":"https:\/\/pats.ee\/en\/wp-json\/wp\/v2\/product_brand?post=11735"},{"taxonomy":"product_cat","embeddable":true,"href":"https:\/\/pats.ee\/en\/wp-json\/wp\/v2\/product_cat?post=11735"},{"taxonomy":"product_tag","embeddable":true,"href":"https:\/\/pats.ee\/en\/wp-json\/wp\/v2\/product_tag?post=11735"}],"curies":[{"name":"wp","href":"https:\/\/api.w.org\/{rel}","templated":true}]}}