{"id":11409,"date":"2026-03-06T13:46:15","date_gmt":"2026-03-06T10:46:15","guid":{"rendered":"https:\/\/pats.ee\/?post_type=product&#038;p=11409"},"modified":"2026-03-31T14:19:40","modified_gmt":"2026-03-31T11:19:40","slug":"voileivatort-singiga","status":"publish","type":"product","link":"https:\/\/pats.ee\/en\/product\/voileivatort-singiga\/","title":{"rendered":"Sandwich cake with ham"},"content":{"rendered":"<p data-start=\"588\" data-end=\"848\">Sandwich cake is a timeless classic that is perfect for any party. This rich and flavorful cake is handmade from fresh ingredients and offers a balanced flavor combination that will appeal to both adults and children.<\/p>\n<p data-start=\"850\" data-end=\"1179\">The layers of the cake are made from a soft toast base and filled with a creamy cream cheese-sour cream mixture, ham and fresh vegetables. The delicately flavoured filling makes the cake pleasantly juicy and easy to enjoy. The top of the cake is decorated with fresh ingredients, which give it a festive and appetising appearance.<\/p>\n\n    <div class=\"xs_social_share_widget xs_share_url after_content \t\tmain_content  wslu-style-1 wslu-share-box-shaped wslu-fill-colored wslu-none wslu-share-horizontal wslu-theme-font-no wslu-main_content\">\n\n\t\t\n        <ul>\n\t\t\t        <\/ul>\n    <\/div>","protected":false},"excerpt":{"rendered":"<p>A classic handmade sandwich cake with ham and fresh cream cheese and sour cream. A delicious and festive choice for birthdays, gatherings and anniversaries.<\/p>","protected":false},"featured_media":11537,"comment_status":"open","ping_status":"closed","template":"","meta":[],"product_brand":[124],"product_cat":[51],"product_tag":[153,154],"class_list":{"0":"post-11409","1":"product","2":"type-product","3":"status-publish","4":"has-post-thumbnail","6":"product_brand-pats-sahver","7":"product_cat-tordid","8":"product_tag-voileivatort","9":"product_tag-voileivatort-singiga","10":"wcpa_has_options","12":"first","13":"instock","14":"taxable","15":"shipping-taxable","16":"purchasable","17":"product-type-simple"},"aioseo_notices":[],"wcpa_form_fields":{"wcpaData":{"product":{"product_price":20,"price_html":"<span class=\"woocommerce-Price-amount amount\"><bdi>20,00&nbsp;<span class=\"woocommerce-Price-currencySymbol\">&euro;<\/span><\/bdi><\/span>\/kg","original_product_price":20,"price_including_tax":20,"price_excluding_tax":16.393443,"product_id":{"parent":11409,"variation":false},"is_variable":false,"stock_status":"instock","stock_quantity":null,"parent_sku":"","product_attributes":{"koostisosad":{"is_variation":false,"values":["R\u00d5\u00d5SK KOOR, KOHUPIIMAPASTA 22%, suhkur, MAASIKAS 10%, MUNAMASS, apelsinimahl, NISUJAHU, maisit\u00e4rklis, L\u00d5SSIPULBER, kakaomass, kakaov\u00f5i, palmi\u00f5li, gl\u00fckoosisiirup, emulgaator SOJALETSITIIN, \u017eeleeriv aine E401, happesuse regulaatorid (E450, E263, E516, E339), gl\u00fckoos, sool, toiduv\u00e4rvid (E160a, punapeet). Kaunistus hooaja marjad muutuvas vahekorras."]}},"custom_fields":[],"is_taxable":true,"product_name":"V\u00f5ileivatort singiga","hasImage":false},"fields":{"sec_869aabd6816b3e":{"extra":{"key":"sec_869aabd6816b3e","section_id":"sec_869aabd6816b3e","name":"Default","status":1,"cl_rule":"show","enableCl":false,"relations":[],"toggle":true,"title_tag":"h3","show_title":false,"showPrice":"default","form_id":11412,"form_rules":{"exclude_from_discount":false,"fee_label":"Fee","disp_hide_options_price":false,"disp_show_section_price":false,"disp_show_field_price":true,"layout_option":"standard","pric_use_as_fee":false,"process_fee_as":"woo_fee"},"layout_option":"standard"},"fields":[[{"type":"select","required":true,"elementId":"select_169aabd6816b63","label":"Kaal","description":"","desc_type":true,"enablePrice":true,"priceOptions":"fixed_for_all","pricingType":"custom","price":"{value}*{product_price}","name":"select_169aabd6816b63","cl_rule":"show","col":3,"values":[{"label":"1 kg","value":"1","price":"15","pimage":"","pimage_id":"","pthumb":"","selected":true,"tempId":"aco_249","gt_translate_keys":["label"]},{"label":"1.5 kg","value":"1.5","price":"22.5","pimage":"","pimage_id":"","pthumb":"","tempId":"aco_250","gt_translate_keys":["label"]},{"label":"2 kg","value":"2","price":"30","pimage":"","pimage_id":"","pthumb":"","tempId":"aco_251","gt_translate_keys":["label"]},{"label":"2.5 kg","value":"2.5","selected":false,"tempId":"aco_261","gt_translate_keys":["label"]},{"label":"3 kg","value":"3","selected":false,"tempId":"aco_352","gt_translate_keys":["label"]},{"label":"3.5 kg","value":"3.5","selected":false,"tempId":"aco_461","gt_translate_keys":["label"]},{"label":"4 kg","value":"4","selected":false,"tempId":"aco_570","gt_translate_keys":["label"]}],"relations":false,"active":true,"tooltip":"200g inimese kohta.","dropdown_type":"basic","error":false,"isTemplate":false,"gt_translate_keys":["label","description","tooltip"],"price_dependency":false,"cl_dependency":false,"value":""}]]}},"config":{"price_override":"always","enable_recaptcha":false,"bind_quantity":false,"quantity_bind_formula":false,"disp_summ_show_option_price":true,"disp_summ_show_product_price":true,"disp_summ_show_total_price":true,"disp_summ_show_fee":false,"disp_summ_show_discount":false,"summary_title":"","options_total_label":"Options Price","total_label":"Kokku","options_product_label":"Product Price","fee_label":"Fee","discount_label":"Discount","has_price":true,"has_quantity_formula":false},"mc_unit":1,"tax_rate":1,"tax_rate_real":0.22,"discount":{"percentage":0,"fixed":0},"design":{"conf":{"LabelPosition":"above","DescPosition":"above","UploadField":"custom_1","QuantityFieldStyle":"default"},"css":{"LeftLabelWidth":"120px"}},"formulas":[],"clones":false,"cartKey":false}},"_links":{"self":[{"href":"https:\/\/pats.ee\/en\/wp-json\/wp\/v2\/product\/11409","targetHints":{"allow":["GET"]}}],"collection":[{"href":"https:\/\/pats.ee\/en\/wp-json\/wp\/v2\/product"}],"about":[{"href":"https:\/\/pats.ee\/en\/wp-json\/wp\/v2\/types\/product"}],"replies":[{"embeddable":true,"href":"https:\/\/pats.ee\/en\/wp-json\/wp\/v2\/comments?post=11409"}],"wp:featuredmedia":[{"embeddable":true,"href":"https:\/\/pats.ee\/en\/wp-json\/wp\/v2\/media\/11537"}],"wp:attachment":[{"href":"https:\/\/pats.ee\/en\/wp-json\/wp\/v2\/media?parent=11409"}],"wp:term":[{"taxonomy":"product_brand","embeddable":true,"href":"https:\/\/pats.ee\/en\/wp-json\/wp\/v2\/product_brand?post=11409"},{"taxonomy":"product_cat","embeddable":true,"href":"https:\/\/pats.ee\/en\/wp-json\/wp\/v2\/product_cat?post=11409"},{"taxonomy":"product_tag","embeddable":true,"href":"https:\/\/pats.ee\/en\/wp-json\/wp\/v2\/product_tag?post=11409"}],"curies":[{"name":"wp","href":"https:\/\/api.w.org\/{rel}","templated":true}]}}