{"id":1114,"date":"2021-01-10T14:02:03","date_gmt":"2021-01-10T12:02:03","guid":{"rendered":"https:\/\/sahver.xn--pts-qla.ee\/?post_type=product&#038;p=1114"},"modified":"2026-03-31T12:39:24","modified_gmt":"2026-03-31T09:39:24","slug":"juustutort","status":"publish","type":"product","link":"https:\/\/pats.ee\/en\/product\/juustutort\/","title":{"rendered":"Cheesecake"},"content":{"rendered":"<p><span style=\"font-weight: 400;\">Classic cheesecake is a real treat for those who appreciate simplicity, quality and a taste that appeals to everyone. The silky creamy cream cheese filling on a baked base creates the perfect combination.<\/span><\/p>\n<p><span style=\"font-weight: 400;\">Whether it's a festive occasion, a weekday morning coffee break, or just a little treat - this handmade cheesecake is always perfect. An elegant, home-made choice that brings joy to every bite.<\/span><\/p>\n\n    <div class=\"xs_social_share_widget xs_share_url after_content \t\tmain_content  wslu-style-1 wslu-share-box-shaped wslu-fill-colored wslu-none wslu-share-horizontal wslu-theme-font-no wslu-main_content\">\n\n\t\t\n        <ul>\n\t\t\t        <\/ul>\n    <\/div>","protected":false},"excerpt":{"rendered":"<p><span style=\"font-weight: 400;\">A classic, handcrafted cheesecake whose silky texture and pure flavor make it a timeless favorite for any occasion or with coffee.<\/span><\/p>","protected":false},"featured_media":9986,"comment_status":"open","ping_status":"closed","template":"","meta":[],"product_brand":[124],"product_cat":[51],"product_tag":[132,133],"class_list":{"0":"post-1114","1":"product","2":"type-product","3":"status-publish","4":"has-post-thumbnail","6":"product_brand-pats-sahver","7":"product_cat-tordid","8":"product_tag-juustutort","9":"product_tag-toorjuustutort","10":"wcpa_has_options","12":"first","13":"instock","14":"taxable","15":"shipping-taxable","16":"purchasable","17":"product-type-simple"},"aioseo_notices":[],"wcpa_form_fields":{"wcpaData":{"product":{"product_price":23,"price_html":"<span class=\"woocommerce-Price-amount amount\"><bdi>23,00&nbsp;<span class=\"woocommerce-Price-currencySymbol\">&euro;<\/span><\/bdi><\/span>\/kg","original_product_price":23,"price_including_tax":23,"price_excluding_tax":18.852459,"product_id":{"parent":1114,"variation":false},"is_variable":false,"stock_status":"instock","stock_quantity":null,"parent_sku":"","product_attributes":{"koostisosad":{"is_variation":false,"values":["TOORJUUST, suhkur, HAPUKOOR, MUNAMASS, NISUJAHU, MANDLILAAST, kakaolik\u00f6\u00f6r, KAKAOV\u00d5I, V\u00d5I, emulgaator SOJALETSITIIN, kergitusained (E500, E450), happesuse regulaatorid (E330, E331, E340), \u017eeleerivad ained (E407, E440), paksendajad (E410, E414), marjad muutuvas vahekorras"]}},"custom_fields":[],"is_taxable":true,"product_name":"Juustutort","hasImage":false},"fields":{"sec_56845a4c56b7e9":{"extra":{"key":"sec_56845a4c56b7e9","section_id":"sec_56845a4c56b7e9","name":"Default","status":1,"cl_rule":"show","enableCl":false,"relations":[],"toggle":true,"title_tag":"h3","show_title":false,"showPrice":"default","form_id":9648,"form_rules":{"exclude_from_discount":false,"fee_label":"Fee","disp_hide_options_price":false,"disp_show_section_price":false,"disp_show_field_price":true,"layout_option":"standard","pric_use_as_fee":false,"process_fee_as":"woo_fee"},"layout_option":"standard"},"fields":[[{"active":true,"col":6,"relations":false,"cl_rule":"show","enableCl":false,"price":"","enablePrice":false,"className":"","label_position":"default","desc_position":"default","type":"select","required":false,"elementId":"select_3946408181","label":"Kellele","name":"select_3946408181","values":[{"label":"S\u00fcnnip\u00e4evaks","value":"S\u00fcnnip\u00e4ev","selected":false,"tempId":"aco_410","gt_translate_keys":["label"]},{"label":"T\u00fcdrukule","value":"T\u00fcdrukule","selected":false,"tempId":"aco_118","gt_translate_keys":["label"]},{"label":"Poisile","value":"Poisile","selected":false,"tempId":"aco_119","gt_translate_keys":["label"]},{"label":"Naisterahvale","value":"Naisterahvale","selected":false,"tempId":"aco_120","gt_translate_keys":["label"]},{"label":"Meesterahvele","value":"Meesterahvele","selected":false,"tempId":"aco_319","gt_translate_keys":["label"]},{"label":"Muu","value":"muu","selected":false,"tempId":"aco_1918","gt_translate_keys":["label"]}],"dropdown_type":"basic","error":false,"tooltip":"Seda teavet kasutavad meie kondiitrid v\u00f5imalusel tordi kaunistamiseks.","placeholder":"Vali","gt_translate_keys":["label","placeholder","tooltip"],"price_dependency":false,"cl_dependency":["text_9339021819"],"value":""}],[{"active":true,"col":6,"relations":[{"operator":false,"rules":[{"operator":"AND","rules":{"cl_field":"select_3946408181","cl_relation":"is","cl_val":"muu"}}]}],"cl_rule":"show","enableCl":true,"price":"","enablePrice":false,"className":"","label_position":"default","desc_position":"default","type":"text","subtype":"text","required":false,"elementId":"text_9339021819","label":"Muu","name":"text_9339021819","value":"","error":false,"mapToCheckout":false,"gt_translate_keys":["label","value"],"price_dependency":false,"cl_dependency":false}]]},"sec_467f82e5015dea":{"extra":{"key":"sec_467f82e5015dea","section_id":"sec_467f82e5015dea","name":"Default","status":1,"cl_rule":"show","enableCl":false,"relations":[],"toggle":true,"title_tag":"h3","show_title":false,"showPrice":"default","form_id":3424,"form_rules":{"exclude_from_discount":false,"fee_label":"Fee","disp_hide_options_price":false,"disp_show_section_price":false,"disp_show_field_price":true,"layout_option":"standard","pric_use_as_fee":false,"process_fee_as":"woo_fee"},"layout_option":"standard"},"fields":[[{"type":"select","required":true,"elementId":"wcpa-select-61f2564bb0b7a","label":"Kaal","description":"","desc_type":true,"enablePrice":true,"priceOptions":"fixed_for_all","pricingType":"custom","price":"{value}*{product_price}","name":"select-61f2564bb0b85","cl_rule":"show","col":"2","values":[{"label":"1 kg","value":"1","price":"20,5","pimage":"","pimage_id":"","pthumb":"","selected":true,"gt_translate_keys":["label"]},{"label":"1.5 kg","value":"1.5","price":"30,75","pimage":"","pimage_id":"","pthumb":"","gt_translate_keys":["label"]}],"relations":false,"active":true,"tooltip":"140g inimese kohta.","gt_translate_keys":["label","description","tooltip"],"price_dependency":false,"cl_dependency":false,"value":""},{"type":"select","required":true,"elementId":"wcpa-select-61f2564bb0b8e","label":"Kuju","priceOptions":"different_for_all","pricingType":"fixed","name":"select-61f2564bb0b96","cl_rule":"show","col":"4","values":[{"label":"\u00dcmmargune","value":"\u00fcmmargune","price":"","pimage":"","pimage_id":"","pthumb":"","gt_translate_keys":["label"]}],"relations":false,"active":true,"tooltip":"","gt_translate_keys":["label","tooltip"],"price_dependency":false,"cl_dependency":false,"value":""}],[{"type":"checkbox-group","elementId":"wcpa-checkbox-group-61f2564bb0ba3","label":"Kaunistused","inline":true,"priceOptions":"different_for_all","pricingType":"fixed","name":"checkbox-group-61f2564bb0baf","other_text":"Other","cl_rule":"show","col":3,"values":[{"label":"Kiri","value":"Kiri","price":"3","pimage":"","pimage_id":"","pthumb":"","tempId":"aco_115","gt_translate_keys":["label"]},{"label":"Makroonid","value":"makroon","price":"","pimage":"","pimage_id":"","pthumb":"","tempId":"aco_116","gt_translate_keys":["label"]}],"relations":false,"active":true,"tooltip":"","layOut":"inline","checkUi":"","error":false,"enablePrice":false,"gt_translate_keys":["label","tooltip"],"price_dependency":false,"cl_dependency":["wcpa-number-1692602746762","wcpa-textarea-61f2564bb0bc9"],"value":""},{"label":"Kaunistused","active":true,"elementId":"checkbox-group-7079242131","tooltip":"","name":"checkbox-group-7079242131","enablePrice":true,"relations":false,"checkUi":"toggle","layOut":"inline","other_text":"Other","values":[{"label":"Marjad","value":"mari","price":"3","pimage":"","pimage_id":"","pthumb":"","tempId":"aco_173","gt_translate_keys":["label"]},{"label":"Suhkrupilt","value":"skp","price":"8.5","pimage":"","pimage_id":"","pthumb":"","tempId":"aco_176","gt_translate_keys":["label"]}],"priceOptions":"different_for_all","pricingType":"fixed","cl_rule":"show","col":3,"type":"checkbox-group","error":false,"gt_translate_keys":["label","tooltip"],"price_dependency":false,"cl_dependency":["wcpa-file-61f2564bb0bf0"],"value":""}],[{"type":"number","elementId":"wcpa-number-1692602746762","label":"Makroonid","description":"max 3 tk","value":"1","enablePrice":true,"pricingType":"multiply","excl_chars_frm_length":"0","price":"1.60","min":"1","max":"3","name":"number-1692602746761","enableCl":true,"cl_rule":"show","cl_val":"makroon","col":6,"relations":[{"operator":false,"rules":[{"operator":false,"rules":{"cl_field":"wcpa-checkbox-group-61f2564bb0ba3","cl_relation":"is","cl_val":"makroon"}}]}],"active":true,"tooltip":"","gt_translate_keys":["label","description","value","tooltip"],"price_dependency":false,"cl_dependency":false}],[{"type":"textarea","elementId":"wcpa-textarea-61f2564bb0bc9","label":"Kiri","placeholder":"Kirjuta siia tekst, mida soovid tordile...","pricingType":"fixed","rows":"2","name":"textarea-61f2564bb0bd2","enableCl":true,"cl_rule":"show","cl_val":"kiri","col":6,"relations":[{"operator":false,"rules":[{"operator":false,"rules":{"cl_field":"wcpa-checkbox-group-61f2564bb0ba3","cl_relation":"is","cl_val":"kiri"}}]}],"active":true,"tooltip":"","gt_translate_keys":["label","placeholder","tooltip"],"price_dependency":false,"cl_dependency":false,"value":""}],[{"type":"file","elementId":"wcpa-file-61f2564bb0bf0","label":"","pricingType":"fixed","ajax_upload":true,"uploadsize":"100","name":"file-61f2564bb0bf8","exts_supported":["jpg","jpeg","png"],"custom_style":true,"enableCl":true,"cl_rule":"show","cl_val":"a4","col":6,"relations":[{"operator":false,"rules":[{"operator":false,"rules":{"cl_field":"checkbox-group-7079242131","cl_relation":"is","cl_val":"skp"}}]}],"active":true,"tooltip":"","upload_type":"ajax","error":false,"allowedFileTypes":".jpg,.jpeg,.png","gt_translate_keys":["label","tooltip"],"price_dependency":false,"cl_dependency":false,"value":""}]]}},"config":{"price_override":"always","enable_recaptcha":false,"bind_quantity":false,"quantity_bind_formula":false,"disp_summ_show_option_price":true,"disp_summ_show_product_price":true,"disp_summ_show_total_price":true,"disp_summ_show_fee":false,"disp_summ_show_discount":false,"summary_title":"","options_total_label":"Options Price","total_label":"Kokku","options_product_label":"Product Price","fee_label":"Fee","discount_label":"Discount","has_price":true,"has_quantity_formula":false},"mc_unit":1,"tax_rate":1,"tax_rate_real":0.22,"discount":{"percentage":0,"fixed":0},"design":{"conf":{"LabelPosition":"above","DescPosition":"above","UploadField":"custom_1","QuantityFieldStyle":"default"},"css":{"LeftLabelWidth":"120px"}},"formulas":[],"clones":false,"cartKey":false}},"_links":{"self":[{"href":"https:\/\/pats.ee\/en\/wp-json\/wp\/v2\/product\/1114","targetHints":{"allow":["GET"]}}],"collection":[{"href":"https:\/\/pats.ee\/en\/wp-json\/wp\/v2\/product"}],"about":[{"href":"https:\/\/pats.ee\/en\/wp-json\/wp\/v2\/types\/product"}],"replies":[{"embeddable":true,"href":"https:\/\/pats.ee\/en\/wp-json\/wp\/v2\/comments?post=1114"}],"wp:featuredmedia":[{"embeddable":true,"href":"https:\/\/pats.ee\/en\/wp-json\/wp\/v2\/media\/9986"}],"wp:attachment":[{"href":"https:\/\/pats.ee\/en\/wp-json\/wp\/v2\/media?parent=1114"}],"wp:term":[{"taxonomy":"product_brand","embeddable":true,"href":"https:\/\/pats.ee\/en\/wp-json\/wp\/v2\/product_brand?post=1114"},{"taxonomy":"product_cat","embeddable":true,"href":"https:\/\/pats.ee\/en\/wp-json\/wp\/v2\/product_cat?post=1114"},{"taxonomy":"product_tag","embeddable":true,"href":"https:\/\/pats.ee\/en\/wp-json\/wp\/v2\/product_tag?post=1114"}],"curies":[{"name":"wp","href":"https:\/\/api.w.org\/{rel}","templated":true}]}}