{"id":1103,"date":"2021-01-10T13:31:54","date_gmt":"2021-01-10T11:31:54","guid":{"rendered":"https:\/\/sahver.xn--pts-qla.ee\/?post_type=product&#038;p=1103"},"modified":"2026-03-31T12:39:57","modified_gmt":"2026-03-31T09:39:57","slug":"kohupiimatort-maasikatega","status":"publish","type":"product","link":"https:\/\/pats.ee\/en\/product\/kohupiimatort-maasikatega\/","title":{"rendered":"Curd cake with strawberries"},"content":{"rendered":"<p><span style=\"font-weight: 400;\">P\u00e4ts Sahvri kohupiimatort maasikatega on klassikaline valik neile, kes hindavad lihtsat ja head maitset. Siidine kohupiimat\u00e4idis ja pehme biskviit moodustavad koos maasikatega tordi, mis sobib nii argip\u00e4eva kui <a href=\"https:\/\/virumaateataja.postimees.ee\/7343373\/patsi-sahver-tegi-tallinna-lennujaama-sunnipaevaks-100-torti\">pidulauale<\/a>. <\/span><span style=\"font-weight: 400;\">Tort on valmistatud k\u00e4sit\u00f6\u00f6na ning meeldib nii lastele kui t\u00e4iskasvanutele &#8211; see on \u00fchine lemmik, mille juurde k\u00f5ik alati tagasi tulevad. Maitsev valik, kui soovid midagi kodust ja ausat, mis toob naeratuse n\u00e4ole.<\/span><\/p>\n\n    <div class=\"xs_social_share_widget xs_share_url after_content \t\tmain_content  wslu-style-1 wslu-share-box-shaped wslu-fill-colored wslu-none wslu-share-horizontal wslu-theme-font-no wslu-main_content\">\n\n\t\t\n        <ul>\n\t\t\t        <\/ul>\n    <\/div>","protected":false},"excerpt":{"rendered":"<p><span style=\"font-weight: 400;\">A classic handmade curd cake with strawberries \u2013 silky, juicy and deliciously homemade!<\/span><\/p>","protected":false},"featured_media":8904,"comment_status":"open","ping_status":"closed","template":"","meta":[],"product_brand":[124],"product_cat":[51],"product_tag":[134,135],"class_list":{"0":"post-1103","1":"product","2":"type-product","3":"status-publish","4":"has-post-thumbnail","6":"product_brand-pats-sahver","7":"product_cat-tordid","8":"product_tag-kohupiimatort","9":"product_tag-maasikatort","10":"wcpa_has_options","12":"first","13":"instock","14":"taxable","15":"shipping-taxable","16":"purchasable","17":"product-type-simple"},"aioseo_notices":[],"wcpa_form_fields":{"wcpaData":{"product":{"product_price":23,"price_html":"<span class=\"woocommerce-Price-amount amount\"><bdi>23,00&nbsp;<span class=\"woocommerce-Price-currencySymbol\">&euro;<\/span><\/bdi><\/span>\/kg","original_product_price":23,"price_including_tax":23,"price_excluding_tax":18.852459,"product_id":{"parent":1103,"variation":false},"is_variable":false,"stock_status":"instock","stock_quantity":null,"parent_sku":"","product_attributes":{"koostisosad":{"is_variation":false,"values":["R\u00d5\u00d5SK KOOR, KOHUPIIMAPASTA 22%, suhkur, MAASIKAS 10%, MUNAMASS, apelsinimahl, NISUJAHU, maisit\u00e4rklis, L\u00d5SSIPULBER, kakaomass, kakaov\u00f5i, palmi\u00f5li, gl\u00fckoosisiirup, emulgaator SOJALETSITIIN, \u017eeleeriv aine E401, happesuse regulaatorid (E450, E263, E516, E339), gl\u00fckoos, sool, toiduv\u00e4rvid (E160a, punapeet). Kaunistus hooaja marjad muutuvas vahekorras."]}},"custom_fields":[],"is_taxable":true,"product_name":"Kohupiimatort maasikatega","hasImage":false},"fields":{"sec_56845a4c56b7e9":{"extra":{"key":"sec_56845a4c56b7e9","section_id":"sec_56845a4c56b7e9","name":"Default","status":1,"cl_rule":"show","enableCl":false,"relations":[],"toggle":true,"title_tag":"h3","show_title":false,"showPrice":"default","form_id":9648,"form_rules":{"exclude_from_discount":false,"fee_label":"Fee","disp_hide_options_price":false,"disp_show_section_price":false,"disp_show_field_price":true,"layout_option":"standard","pric_use_as_fee":false,"process_fee_as":"woo_fee"},"layout_option":"standard"},"fields":[[{"active":true,"col":6,"relations":false,"cl_rule":"show","enableCl":false,"price":"","enablePrice":false,"className":"","label_position":"default","desc_position":"default","type":"select","required":false,"elementId":"select_3946408181","label":"Kellele","name":"select_3946408181","values":[{"label":"S\u00fcnnip\u00e4evaks","value":"S\u00fcnnip\u00e4ev","selected":false,"tempId":"aco_410","gt_translate_keys":["label"]},{"label":"T\u00fcdrukule","value":"T\u00fcdrukule","selected":false,"tempId":"aco_118","gt_translate_keys":["label"]},{"label":"Poisile","value":"Poisile","selected":false,"tempId":"aco_119","gt_translate_keys":["label"]},{"label":"Naisterahvale","value":"Naisterahvale","selected":false,"tempId":"aco_120","gt_translate_keys":["label"]},{"label":"Meesterahvele","value":"Meesterahvele","selected":false,"tempId":"aco_319","gt_translate_keys":["label"]},{"label":"Muu","value":"muu","selected":false,"tempId":"aco_1918","gt_translate_keys":["label"]}],"dropdown_type":"basic","error":false,"tooltip":"Seda teavet kasutavad meie kondiitrid v\u00f5imalusel tordi kaunistamiseks.","placeholder":"Vali","gt_translate_keys":["label","placeholder","tooltip"],"price_dependency":false,"cl_dependency":["text_9339021819"],"value":""}],[{"active":true,"col":6,"relations":[{"operator":false,"rules":[{"operator":"AND","rules":{"cl_field":"select_3946408181","cl_relation":"is","cl_val":"muu"}}]}],"cl_rule":"show","enableCl":true,"price":"","enablePrice":false,"className":"","label_position":"default","desc_position":"default","type":"text","subtype":"text","required":false,"elementId":"text_9339021819","label":"Muu","name":"text_9339021819","value":"","error":false,"mapToCheckout":false,"gt_translate_keys":["label","value"],"price_dependency":false,"cl_dependency":false}]]},"sec_167f82e4db0928":{"extra":{"key":"sec_167f82e4db0928","section_id":"sec_167f82e4db0928","name":"Default","status":1,"cl_rule":"show","enableCl":false,"relations":[],"toggle":true,"title_tag":"h3","show_title":false,"showPrice":"default","form_id":3425,"form_rules":{"exclude_from_discount":false,"fee_label":"Fee","disp_hide_options_price":false,"disp_show_section_price":false,"disp_show_field_price":true,"layout_option":"standard","pric_use_as_fee":false,"process_fee_as":"woo_fee"},"layout_option":"standard"},"fields":[[{"type":"select","required":true,"elementId":"wcpa-select-61f2565278e82","label":"Kaal","description":"","desc_type":true,"enablePrice":true,"priceOptions":"fixed_for_all","pricingType":"custom","price":"{value}*{product_price}","name":"select-61f2565278e8e","cl_rule":"show","col":"2","values":[{"label":"1 kg","value":"1","price":"20,5","pimage":"","pimage_id":"","pthumb":"","selected":true,"gt_translate_keys":["label"]},{"label":"1.5 kg","value":"1.5","price":"30,75","pimage":"","pimage_id":"","pthumb":"","gt_translate_keys":["label"]},{"label":"2 kg","value":"2","price":"41","pimage":"","pimage_id":"","pthumb":"","gt_translate_keys":["label"]},{"label":"2.5 kg","value":"2.5","price":"51,25","pimage":"","pimage_id":"","pthumb":"","gt_translate_keys":["label"]},{"label":"3 kg","value":"3","price":"61,5","pimage":"","pimage_id":"","pthumb":"","gt_translate_keys":["label"]},{"label":"3.5 kg","value":"3.5","price":"71,75","pimage":"","pimage_id":"","pthumb":"","gt_translate_keys":["label"]},{"label":"4 kg","value":"4","price":"82","pimage":"","pimage_id":"","pthumb":"","gt_translate_keys":["label"]},{"label":"4.5 kg","value":"4.5","price":"92,25","pimage":"","pimage_id":"","pthumb":"","gt_translate_keys":["label"]},{"label":"5 kg","value":"5","price":"102,5","pimage":"","pimage_id":"","pthumb":"","gt_translate_keys":["label"]}],"relations":false,"active":true,"tooltip":"140g inimese kohta.","gt_translate_keys":["label","description","tooltip"],"price_dependency":false,"cl_dependency":["number-7092302256","wcpa-number-1692602126969"],"value":""},{"type":"select","required":true,"elementId":"wcpa-select-61f2565278e97","label":"Kuju","priceOptions":"different_for_all","pricingType":"fixed","name":"select-61f2565278ea0","cl_rule":"show","col":"4","values":[{"label":"\u00dcmmargune","value":"\u00fcmmargune","price":"","pimage":"","pimage_id":"","pthumb":"","gt_translate_keys":["label"]},{"label":"Kandiline","value":"kandiline","price":"","pimage":"","pimage_id":"","pthumb":"","gt_translate_keys":["label"]}],"relations":false,"active":true,"tooltip":"","gt_translate_keys":["label","tooltip"],"price_dependency":false,"cl_dependency":false,"value":""}],[{"type":"checkbox-group","elementId":"wcpa-checkbox-group-61f2565278eaf","label":"Kaunistused","inline":true,"priceOptions":"different_for_all","pricingType":"fixed","name":"checkbox-group-61f2565278ebb","other_text":"Other","cl_rule":"show","col":3,"values":[{"label":"Makroonid","value":"makroon","price":"","pimage":"","pimage_id":"","pthumb":"","tempId":"aco_1607","selected":false,"gt_translate_keys":["label"]},{"label":"Kiri","value":"kiri","price":"","pimage":"","pimage_id":"","pthumb":"","tempId":"aco_1609","selected":false,"gt_translate_keys":["label"]}],"relations":false,"active":true,"tooltip":"","layOut":"inline","checkUi":"","error":false,"enablePrice":false,"isTemplate":false,"gt_translate_keys":["label","tooltip"],"price_dependency":false,"cl_dependency":["number-7092302256","wcpa-number-1692602126969","wcpa-textarea-61f2565278ed8","wcpa-checkbox-group-61f2565278eee"],"value":""},{"active":true,"col":3,"relations":false,"cl_rule":"show","enableCl":false,"price":"3","enablePrice":true,"className":"","label_position":"default","desc_position":"default","type":"checkbox-group","required":false,"elementId":"checkgroup_7109048275","label":"Lisad","name":"checkgroup_7109048275","values":[{"label":"Marjad","value":"mari","selected":false,"tempId":"aco_414","price":"3","gt_translate_keys":["label"]},{"label":"Suhkrupilt","value":"skp","selected":false,"tempId":"aco_1728","price":"8.5","gt_translate_keys":["label"]}],"layOut":"inline","error":false,"checkUi":"toggle","priceOptions":"different_for_all","pricingType":"fixed","mapToCheckout":false,"gt_translate_keys":["label"],"price_dependency":false,"cl_dependency":["wcpa-file-61f2565278f03"],"value":""}],[{"label":"Makroonid","active":true,"elementId":"number-7092302256","value":"1","description":"max 3 tk","tooltip":"","name":"number-7092302256","enablePrice":true,"enableCl":true,"relations":[{"operator":false,"rules":[{"operator":"and","rules":{"cl_field":"wcpa-checkbox-group-61f2565278eaf","cl_relation":"is","cl_val":"makroon"}},{"operator":false,"rules":{"cl_field":"wcpa-select-61f2565278e82","cl_relation":"is_lessthan_or_equal","cl_val":"1.5"}}]}],"min":"1","max":"3","pricingType":"multiply","price":"1.60","cl_rule":"show","col":6,"type":"number","required":false,"error":false,"gt_translate_keys":["label","description","value","tooltip"],"price_dependency":false,"cl_dependency":false}],[{"type":"number","elementId":"wcpa-number-1692602126969","label":"Makroonid","description":"max 20 tk","value":"1","enablePrice":true,"pricingType":"multiply","excl_chars_frm_length":"0","price":"1.60","min":"1","max":"20","name":"number-1692602126968","enableCl":true,"cl_rule":"show","cl_val":"2","operator":"and","col":6,"relations":[{"operator":false,"rules":[{"operator":"and","rules":{"cl_field":"wcpa-checkbox-group-61f2565278eaf","cl_relation":"is","cl_val":"makroon"}},{"operator":false,"rules":{"cl_field":"wcpa-select-61f2565278e82","cl_relation":"is_greater_or_equal","cl_val":"2"}}]}],"active":true,"tooltip":"","required":false,"error":false,"gt_translate_keys":["label","description","value","tooltip"],"price_dependency":false,"cl_dependency":false}],[{"type":"textarea","elementId":"wcpa-textarea-61f2565278ed8","label":"Kiri","placeholder":"Kirjuta siia tekst, mida soovid tordile...","pricingType":"fixed","rows":"2","name":"textarea-61f2565278ee2","enableCl":true,"cl_rule":"show","cl_val":"kiri","col":6,"relations":[{"operator":false,"rules":[{"operator":false,"rules":{"cl_field":"wcpa-checkbox-group-61f2565278eaf","cl_relation":"is","cl_val":"kiri"}}]}],"active":true,"tooltip":"","gt_translate_keys":["label","placeholder","tooltip"],"price_dependency":false,"cl_dependency":false,"value":""}],[{"type":"checkbox-group","elementId":"wcpa-checkbox-group-61f2565278eee","label":"Suhkrupilt","description":"Pilti l\u00f5igatakse vastavalt vajadusele.","enablePrice":true,"priceOptions":"different_for_all","pricingType":"fixed","name":"checkbox-group-61f2565278efb","min_options":"1","max_options":"1","other_text":"Other","enableCl":true,"cl_rule":"show","cl_val":"skp","col":6,"values":[{"label":"Suhkrupilt","value":"a4","price":"8.50","pimage":"","pimage_id":"","pthumb":"","tempId":"aco_19","gt_translate_keys":["label"]}],"relations":[{"operator":false,"rules":[{"operator":false,"rules":{"cl_field":"wcpa-checkbox-group-61f2565278eaf","cl_relation":"is","cl_val":"skp"}}]}],"price":0,"active":true,"tooltip":"","layOut":"","checkUi":"","error":false,"gt_translate_keys":["label","description","tooltip"],"price_dependency":false,"cl_dependency":false,"value":""}],[{"type":"file","elementId":"wcpa-file-61f2565278f03","label":"","pricingType":"fixed","ajax_upload":true,"uploadsize":"100","name":"file-61f2565278f0b","exts_supported":["jpg","jpeg","png"],"custom_style":true,"enableCl":true,"cl_rule":"show","cl_val":"a4","col":6,"relations":[{"operator":false,"rules":[{"operator":false,"rules":{"cl_field":"checkgroup_7109048275","cl_relation":"is","cl_val":"skp"}}]}],"active":true,"tooltip":"","upload_type":"ajax","error":false,"allowedFileTypes":".jpg,.jpeg,.png","gt_translate_keys":["label","tooltip"],"price_dependency":false,"cl_dependency":false,"value":""}]]}},"config":{"price_override":"always","enable_recaptcha":false,"bind_quantity":false,"quantity_bind_formula":false,"disp_summ_show_option_price":true,"disp_summ_show_product_price":true,"disp_summ_show_total_price":true,"disp_summ_show_fee":false,"disp_summ_show_discount":false,"summary_title":"","options_total_label":"Options Price","total_label":"Kokku","options_product_label":"Product Price","fee_label":"Fee","discount_label":"Discount","has_price":true,"has_quantity_formula":false},"mc_unit":1,"tax_rate":1,"tax_rate_real":0.22,"discount":{"percentage":0,"fixed":0},"design":{"conf":{"LabelPosition":"above","DescPosition":"above","UploadField":"custom_1","QuantityFieldStyle":"default"},"css":{"LeftLabelWidth":"120px"}},"formulas":[],"clones":false,"cartKey":false}},"_links":{"self":[{"href":"https:\/\/pats.ee\/en\/wp-json\/wp\/v2\/product\/1103","targetHints":{"allow":["GET"]}}],"collection":[{"href":"https:\/\/pats.ee\/en\/wp-json\/wp\/v2\/product"}],"about":[{"href":"https:\/\/pats.ee\/en\/wp-json\/wp\/v2\/types\/product"}],"replies":[{"embeddable":true,"href":"https:\/\/pats.ee\/en\/wp-json\/wp\/v2\/comments?post=1103"}],"wp:featuredmedia":[{"embeddable":true,"href":"https:\/\/pats.ee\/en\/wp-json\/wp\/v2\/media\/8904"}],"wp:attachment":[{"href":"https:\/\/pats.ee\/en\/wp-json\/wp\/v2\/media?parent=1103"}],"wp:term":[{"taxonomy":"product_brand","embeddable":true,"href":"https:\/\/pats.ee\/en\/wp-json\/wp\/v2\/product_brand?post=1103"},{"taxonomy":"product_cat","embeddable":true,"href":"https:\/\/pats.ee\/en\/wp-json\/wp\/v2\/product_cat?post=1103"},{"taxonomy":"product_tag","embeddable":true,"href":"https:\/\/pats.ee\/en\/wp-json\/wp\/v2\/product_tag?post=1103"}],"curies":[{"name":"wp","href":"https:\/\/api.w.org\/{rel}","templated":true}]}}