{"id":10137,"date":"2025-08-04T14:35:58","date_gmt":"2025-08-04T11:35:58","guid":{"rendered":"https:\/\/pats.ee\/?post_type=product&#038;p=10137"},"modified":"2026-04-02T09:14:27","modified_gmt":"2026-04-02T06:14:27","slug":"kohupiima-maasika-rullbiskviit","status":"publish","type":"product","link":"https:\/\/pats.ee\/en\/product\/kohupiima-maasika-rullbiskviit\/","title":{"rendered":"Strawberry cake roll"},"content":{"rendered":"<p data-start=\"576\" data-end=\"883\">Homemade curd and strawberry roll cakeis a light and organic summer treat that brings the artisanal taste of P\u00e4ts to your plate. Vanilla biscuit rolls around a soft curd and whipped cream cream and sweet<strong data-start=\"790\" data-end=\"812\">\u00a0<\/strong>strawberries, creating a classic combination that appeals to both adults and children. The light texture and authentic homemade taste make this the perfect cake for both an everyday evening and a party.<\/p>\n\n    <div class=\"xs_social_share_widget xs_share_url after_content \t\tmain_content  wslu-style-1 wslu-share-box-shaped wslu-fill-colored wslu-none wslu-share-horizontal wslu-theme-font-no wslu-main_content\">\n\n\t\t\n        <ul>\n\t\t\t        <\/ul>\n    <\/div>","protected":false},"excerpt":{"rendered":"<p>Homemade curd-strawberry cake roll. Soft vanilla biscuit, curd-whipped cream and fresh strawberries create a summery taste experience.<\/p>","protected":false},"featured_media":9845,"comment_status":"open","ping_status":"closed","template":"","meta":[],"product_brand":[124],"product_cat":[55],"product_tag":[266,267,265],"class_list":{"0":"post-10137","1":"product","2":"type-product","3":"status-publish","4":"has-post-thumbnail","6":"product_brand-pats-sahver","7":"product_cat-koogid","8":"product_tag-kohupiima-maasika-rullbiskviit","9":"product_tag-rullkook","10":"product_tag-rullbiskviit","11":"wcpa_has_options","13":"first","14":"instock","15":"sold-individually","16":"taxable","17":"shipping-taxable","18":"purchasable","19":"product-type-simple"},"aioseo_notices":[],"wcpa_form_fields":{"wcpaData":{"product":{"product_price":17,"price_html":"<span class=\"woocommerce-Price-amount amount\"><bdi>17,00&nbsp;<span class=\"woocommerce-Price-currencySymbol\">&euro;<\/span><\/bdi><\/span>","original_product_price":17,"price_including_tax":17,"price_excluding_tax":13.934426,"product_id":{"parent":10137,"variation":false},"is_variable":false,"stock_status":"instock","stock_quantity":null,"parent_sku":"","product_attributes":{"koostisosad":{"is_variation":false,"values":["MASCARPONE TOORJUUST 25%, R\u00d5\u00d5SK KOOR, NISUJAHU, suhkur, MUNAMASS, maisit\u00e4rklis, MANDLILAAST, gl\u00fckoosi-fruktoosisiirup, palmi\u00f5li, meresool, \u017eeleeriv aine E401, niiskuses\u00e4ilitaja E422, toiduv\u00e4rvid (E160a, looduslik toiduv\u00e4rv punpeet), modifitseeritud t\u00e4rklis, emulgaatorid (E460, E471, E475), L\u00d5SSIPULBER, paksendaja E435, kergitusaine E500, s\u00e4ilitusaine E202"]}},"custom_fields":[],"is_taxable":true,"product_name":"Kohupiima-maasika rullbiskviit","hasImage":false},"fields":{"sec_06894d92bcb84f":{"extra":{"key":"sec_06894d92bcb84f","section_id":"sec_06894d92bcb84f","name":"Default","status":1,"cl_rule":"show","enableCl":false,"relations":[],"toggle":true,"title_tag":"h3","show_title":false,"showPrice":"default","form_id":10153,"form_rules":{"exclude_from_discount":false,"fee_label":"Fee","disp_hide_options_price":false,"disp_show_section_price":false,"disp_show_field_price":true,"layout_option":"standard","pric_use_as_fee":false,"process_fee_as":"woo_fee"},"layout_option":"standard"},"fields":[[{"type":"select","required":true,"elementId":"select_06894d92bcb871","label":"Kaal","description":"","desc_type":true,"enablePrice":true,"priceOptions":"fixed_for_all","pricingType":"custom","price":"{value}*{product_price}","name":"select_06894d92bcb871","cl_rule":"show","col":"3","values":[{"label":"0.7 kg","value":"0.7","price":"15","pimage":"","pimage_id":"","pthumb":"","selected":true,"tempId":"aco_19","gt_translate_keys":["label"]},{"label":"1.4 kg","value":"1.4","price":"22.5","pimage":"","pimage_id":"","pthumb":"","tempId":"aco_20","gt_translate_keys":["label"]}],"relations":false,"active":true,"tooltip":"140g inimese kohta.","error":false,"dropdown_type":"basic","isTemplate":false,"enableWeight":false,"weightOptions":"different_for_all","mapToCheckout":false,"repeater":false,"repeater_field_label":"{field_label}","repeater_bind":"","gt_translate_keys":["label","description","tooltip","repeater_field_label"],"price_dependency":false,"cl_dependency":false,"value":""}]]}},"config":{"price_override":"always","enable_recaptcha":false,"bind_quantity":false,"quantity_bind_formula":false,"disp_summ_show_option_price":true,"disp_summ_show_product_price":true,"disp_summ_show_total_price":true,"disp_summ_show_fee":false,"disp_summ_show_discount":false,"summary_title":"","options_total_label":"Options Price","total_label":"Kokku","options_product_label":"Product Price","fee_label":"Fee","discount_label":"Discount","has_price":true,"has_quantity_formula":false},"mc_unit":1,"tax_rate":1,"tax_rate_real":0.22,"discount":{"percentage":0,"fixed":0},"design":{"conf":{"LabelPosition":"above","DescPosition":"above","UploadField":"custom_1","QuantityFieldStyle":"default"},"css":{"LeftLabelWidth":"120px"}},"formulas":[],"clones":false,"cartKey":false}},"_links":{"self":[{"href":"https:\/\/pats.ee\/en\/wp-json\/wp\/v2\/product\/10137","targetHints":{"allow":["GET"]}}],"collection":[{"href":"https:\/\/pats.ee\/en\/wp-json\/wp\/v2\/product"}],"about":[{"href":"https:\/\/pats.ee\/en\/wp-json\/wp\/v2\/types\/product"}],"replies":[{"embeddable":true,"href":"https:\/\/pats.ee\/en\/wp-json\/wp\/v2\/comments?post=10137"}],"wp:featuredmedia":[{"embeddable":true,"href":"https:\/\/pats.ee\/en\/wp-json\/wp\/v2\/media\/9845"}],"wp:attachment":[{"href":"https:\/\/pats.ee\/en\/wp-json\/wp\/v2\/media?parent=10137"}],"wp:term":[{"taxonomy":"product_brand","embeddable":true,"href":"https:\/\/pats.ee\/en\/wp-json\/wp\/v2\/product_brand?post=10137"},{"taxonomy":"product_cat","embeddable":true,"href":"https:\/\/pats.ee\/en\/wp-json\/wp\/v2\/product_cat?post=10137"},{"taxonomy":"product_tag","embeddable":true,"href":"https:\/\/pats.ee\/en\/wp-json\/wp\/v2\/product_tag?post=10137"}],"curies":[{"name":"wp","href":"https:\/\/api.w.org\/{rel}","templated":true}]}}