{"id":5334,"date":"2023-10-24T10:14:08","date_gmt":"2023-10-24T08:14:08","guid":{"rendered":"https:\/\/xn--pts-qla.ee\/?page_id=5334"},"modified":"2026-04-16T13:39:21","modified_gmt":"2026-04-16T10:39:21","slug":"menuu","status":"publish","type":"page","link":"https:\/\/pats.ee\/en\/menuu\/","title":{"rendered":"Menu"},"content":{"rendered":"<div data-elementor-type=\"wp-page\" data-elementor-id=\"5334\" class=\"elementor elementor-5334\" data-elementor-post-type=\"page\">\n\t\t\t\t<div class=\"elementor-element elementor-element-be77eda e-con-full e-flex e-con e-parent\" data-id=\"be77eda\" data-element_type=\"container\" data-e-type=\"container\">\n\t\t<a class=\"elementor-element elementor-element-76c20d4 e-con-full e-flex e-con e-child\" data-id=\"76c20d4\" data-element_type=\"container\" data-e-type=\"container\" data-settings=\"{&quot;background_background&quot;:&quot;classic&quot;}\" href=\"\/en\/e-sahver\/\">\n\t\t\t\t<div class=\"elementor-element elementor-element-a2dfc07 elementor-widget elementor-widget-heading\" data-id=\"a2dfc07\" data-element_type=\"widget\" data-e-type=\"widget\" data-widget_type=\"heading.default\">\n\t\t\t\t\t<h2 class=\"elementor-heading-title elementor-size-default\">Flavors that will be remembered<\/h2>\t\t\t\t<\/div>\n\t\t\t\t<\/a>\n\t\t<a class=\"elementor-element elementor-element-950265e e-con-full e-flex e-con e-child\" data-id=\"950265e\" data-element_type=\"container\" data-e-type=\"container\" data-settings=\"{&quot;background_background&quot;:&quot;classic&quot;}\" href=\"\/en\/rooms\/\">\n\t\t\t\t<div class=\"elementor-element elementor-element-7dbe679 elementor-widget elementor-widget-heading\" data-id=\"7dbe679\" data-element_type=\"widget\" data-e-type=\"widget\" data-widget_type=\"heading.default\">\n\t\t\t\t\t<h2 class=\"elementor-heading-title elementor-size-default\">Moments that are shared<\/h2>\t\t\t\t<\/div>\n\t\t\t\t<\/a>\n\t\t<a class=\"elementor-element elementor-element-5880501 e-con-full e-flex e-con e-child\" data-id=\"5880501\" data-element_type=\"container\" data-e-type=\"container\" data-settings=\"{&quot;background_background&quot;:&quot;classic&quot;}\" href=\"\/en\/menuu\/\">\n\t\t\t\t<div class=\"elementor-element elementor-element-3f454dd elementor-widget elementor-widget-heading\" data-id=\"3f454dd\" data-element_type=\"widget\" data-e-type=\"widget\" data-widget_type=\"heading.default\">\n\t\t\t\t\t<h2 class=\"elementor-heading-title elementor-size-default\">The pizza you love<\/h2>\t\t\t\t<\/div>\n\t\t\t\t<\/a>\n\t\t\t\t<\/div>\n\t\t<div class=\"elementor-element elementor-element-464dee7 e-flex e-con-boxed e-con e-parent\" data-id=\"464dee7\" data-element_type=\"container\" data-e-type=\"container\">\n\t\t\t\t\t<div class=\"e-con-inner\">\n\t\t\t\t<div class=\"elementor-element elementor-element-e5b9972 elementor-widget elementor-widget-n-accordion\" data-id=\"e5b9972\" data-element_type=\"widget\" data-e-type=\"widget\" data-settings=\"{&quot;max_items_expended&quot;:&quot;multiple&quot;,&quot;default_state&quot;:&quot;expanded&quot;,&quot;n_accordion_animation_duration&quot;:{&quot;unit&quot;:&quot;ms&quot;,&quot;size&quot;:400,&quot;sizes&quot;:[]}}\" data-widget_type=\"nested-accordion.default\">\n\t\t\t\t\t\t\t<div class=\"e-n-accordion\" aria-label=\"Accordion. Open links with Enter or Space, close with Escape, and navigate with Arrow Keys\">\n\t\t\t\t\t\t<details id=\"e-n-accordion-item-2400\" class=\"e-n-accordion-item\" open>\n\t\t\t\t<summary class=\"e-n-accordion-item-title\" data-accordion-index=\"1\" tabindex=\"0\" aria-expanded=\"true\" aria-controls=\"e-n-accordion-item-2400\" >\n\t\t\t\t\t<span class='e-n-accordion-item-title-header'><div class=\"e-n-accordion-item-title-text\"> Hommikus\u00f6\u00f6gid, salatid, burgerid <\/div><\/span>\n\t\t\t\t\t\t\t<span class='e-n-accordion-item-title-icon'>\n\t\t\t<span class='e-opened' ><svg aria-hidden=\"true\" class=\"e-font-icon-svg e-fas-minus\" viewbox=\"0 0 448 512\" xmlns=\"http:\/\/www.w3.org\/2000\/svg\"><path d=\"M416 208H32c-17.67 0-32 14.33-32 32v32c0 17.67 14.33 32 32 32h384c17.67 0 32-14.33 32-32v-32c0-17.67-14.33-32-32-32z\"><\/path><\/svg><\/span>\n\t\t\t<span class='e-closed'><svg aria-hidden=\"true\" class=\"e-font-icon-svg e-fas-plus\" viewbox=\"0 0 448 512\" xmlns=\"http:\/\/www.w3.org\/2000\/svg\"><path d=\"M416 208H272V64c0-17.67-14.33-32-32-32h-32c-17.67 0-32 14.33-32 32v144H32c-17.67 0-32 14.33-32 32v32c0 17.67 14.33 32 32 32h144v144c0 17.67 14.33 32 32 32h32c17.67 0 32-14.33 32-32V304h144c17.67 0 32-14.33 32-32v-32c0-17.67-14.33-32-32-32z\"><\/path><\/svg><\/span>\n\t\t<\/span>\n\n\t\t\t\t\t\t<\/summary>\n\t\t\t\t<div role=\"region\" aria-labelledby=\"e-n-accordion-item-2400\" class=\"elementor-element elementor-element-96586f1 e-con-full e-flex e-con e-child\" data-id=\"96586f1\" data-element_type=\"container\" data-e-type=\"container\">\n\t\t<div role=\"region\" aria-labelledby=\"e-n-accordion-item-2400\" class=\"elementor-element elementor-element-b4b5932 e-flex e-con-boxed e-con e-child\" data-id=\"b4b5932\" data-element_type=\"container\" data-e-type=\"container\">\n\t\t\t\t\t<div class=\"e-con-inner\">\n\t\t\t\t<div class=\"elementor-element elementor-element-197ebfe elementor-widget elementor-widget-image\" data-id=\"197ebfe\" data-element_type=\"widget\" data-e-type=\"widget\" data-widget_type=\"image.default\">\n\t\t\t\t\t\t\t\t\t\t\t\t\t\t\t<img fetchpriority=\"high\" decoding=\"async\" width=\"724\" height=\"1024\" src=\"https:\/\/pats.ee\/wp-content\/uploads\/2026\/04\/eesti-2026-esimene-oige-724x1024.avif\" class=\"attachment-large size-large wp-image-11572\" alt=\"\" srcset=\"https:\/\/pats.ee\/wp-content\/uploads\/2026\/04\/eesti-2026-esimene-oige-724x1024.avif 724w, https:\/\/pats.ee\/wp-content\/uploads\/2026\/04\/eesti-2026-esimene-oige-212x300.avif 212w, https:\/\/pats.ee\/wp-content\/uploads\/2026\/04\/eesti-2026-esimene-oige-768x1086.avif 768w, https:\/\/pats.ee\/wp-content\/uploads\/2026\/04\/eesti-2026-esimene-oige-1086x1536.avif 1086w, https:\/\/pats.ee\/wp-content\/uploads\/2026\/04\/eesti-2026-esimene-oige-8x12.avif 8w, https:\/\/pats.ee\/wp-content\/uploads\/2026\/04\/eesti-2026-esimene-oige-1357x1920.avif 1357w, https:\/\/pats.ee\/wp-content\/uploads\/2026\/04\/eesti-2026-esimene-oige-600x849.avif 600w, https:\/\/pats.ee\/wp-content\/uploads\/2026\/04\/eesti-2026-esimene-oige-64x91.avif 64w, https:\/\/pats.ee\/wp-content\/uploads\/2026\/04\/eesti-2026-esimene-oige.avif 1414w\" sizes=\"(max-width: 724px) 100vw, 724px\" \/>\t\t\t\t\t\t\t\t\t\t\t\t\t\t\t<\/div>\n\t\t\t\t\t<\/div>\n\t\t\t\t<\/div>\n\t\t\t\t<\/div>\n\t\t\t\t\t<\/details>\n\t\t\t\t\t\t<details id=\"e-n-accordion-item-2401\" class=\"e-n-accordion-item\" >\n\t\t\t\t<summary class=\"e-n-accordion-item-title\" data-accordion-index=\"2\" tabindex=\"-1\" aria-expanded=\"false\" aria-controls=\"e-n-accordion-item-2401\" >\n\t\t\t\t\t<span class='e-n-accordion-item-title-header'><div class=\"e-n-accordion-item-title-text\"> Praed, joogid <\/div><\/span>\n\t\t\t\t\t\t\t<span class='e-n-accordion-item-title-icon'>\n\t\t\t<span class='e-opened' ><svg aria-hidden=\"true\" class=\"e-font-icon-svg e-fas-minus\" viewbox=\"0 0 448 512\" xmlns=\"http:\/\/www.w3.org\/2000\/svg\"><path d=\"M416 208H32c-17.67 0-32 14.33-32 32v32c0 17.67 14.33 32 32 32h384c17.67 0 32-14.33 32-32v-32c0-17.67-14.33-32-32-32z\"><\/path><\/svg><\/span>\n\t\t\t<span class='e-closed'><svg aria-hidden=\"true\" class=\"e-font-icon-svg e-fas-plus\" viewbox=\"0 0 448 512\" xmlns=\"http:\/\/www.w3.org\/2000\/svg\"><path d=\"M416 208H272V64c0-17.67-14.33-32-32-32h-32c-17.67 0-32 14.33-32 32v144H32c-17.67 0-32 14.33-32 32v32c0 17.67 14.33 32 32 32h144v144c0 17.67 14.33 32 32 32h32c17.67 0 32-14.33 32-32V304h144c17.67 0 32-14.33 32-32v-32c0-17.67-14.33-32-32-32z\"><\/path><\/svg><\/span>\n\t\t<\/span>\n\n\t\t\t\t\t\t<\/summary>\n\t\t\t\t<div role=\"region\" aria-labelledby=\"e-n-accordion-item-2401\" class=\"elementor-element elementor-element-f9541f9 e-con-full e-flex e-con e-child\" data-id=\"f9541f9\" data-element_type=\"container\" data-e-type=\"container\">\n\t\t<div role=\"region\" aria-labelledby=\"e-n-accordion-item-2401\" class=\"elementor-element elementor-element-dc92ef0 e-flex e-con-boxed e-con e-child\" data-id=\"dc92ef0\" data-element_type=\"container\" data-e-type=\"container\">\n\t\t\t\t\t<div class=\"e-con-inner\">\n\t\t\t\t<div class=\"elementor-element elementor-element-d4a4cac elementor-widget elementor-widget-image\" data-id=\"d4a4cac\" data-element_type=\"widget\" data-e-type=\"widget\" data-widget_type=\"image.default\">\n\t\t\t\t\t\t\t\t\t\t\t\t\t\t\t<img decoding=\"async\" width=\"724\" height=\"1024\" src=\"https:\/\/pats.ee\/wp-content\/uploads\/2026\/04\/eesti-2026-oigetagumine-724x1024.avif\" class=\"attachment-large size-large wp-image-11573\" alt=\"\" srcset=\"https:\/\/pats.ee\/wp-content\/uploads\/2026\/04\/eesti-2026-oigetagumine-724x1024.avif 724w, https:\/\/pats.ee\/wp-content\/uploads\/2026\/04\/eesti-2026-oigetagumine-212x300.avif 212w, https:\/\/pats.ee\/wp-content\/uploads\/2026\/04\/eesti-2026-oigetagumine-768x1086.avif 768w, https:\/\/pats.ee\/wp-content\/uploads\/2026\/04\/eesti-2026-oigetagumine-1086x1536.avif 1086w, https:\/\/pats.ee\/wp-content\/uploads\/2026\/04\/eesti-2026-oigetagumine-8x12.avif 8w, https:\/\/pats.ee\/wp-content\/uploads\/2026\/04\/eesti-2026-oigetagumine-1357x1920.avif 1357w, https:\/\/pats.ee\/wp-content\/uploads\/2026\/04\/eesti-2026-oigetagumine-600x849.avif 600w, https:\/\/pats.ee\/wp-content\/uploads\/2026\/04\/eesti-2026-oigetagumine-64x91.avif 64w, https:\/\/pats.ee\/wp-content\/uploads\/2026\/04\/eesti-2026-oigetagumine.avif 1414w\" sizes=\"(max-width: 724px) 100vw, 724px\" \/>\t\t\t\t\t\t\t\t\t\t\t\t\t\t\t<\/div>\n\t\t\t\t\t<\/div>\n\t\t\t\t<\/div>\n\t\t\t\t<\/div>\n\t\t\t\t\t<\/details>\n\t\t\t\t\t\t<details id=\"e-n-accordion-item-2402\" class=\"e-n-accordion-item\" >\n\t\t\t\t<summary class=\"e-n-accordion-item-title\" data-accordion-index=\"3\" tabindex=\"-1\" aria-expanded=\"false\" aria-controls=\"e-n-accordion-item-2402\" >\n\t\t\t\t\t<span class='e-n-accordion-item-title-header'><div class=\"e-n-accordion-item-title-text\"> Pitsad <\/div><\/span>\n\t\t\t\t\t\t\t<span class='e-n-accordion-item-title-icon'>\n\t\t\t<span class='e-opened' ><svg aria-hidden=\"true\" class=\"e-font-icon-svg e-fas-minus\" viewbox=\"0 0 448 512\" xmlns=\"http:\/\/www.w3.org\/2000\/svg\"><path d=\"M416 208H32c-17.67 0-32 14.33-32 32v32c0 17.67 14.33 32 32 32h384c17.67 0 32-14.33 32-32v-32c0-17.67-14.33-32-32-32z\"><\/path><\/svg><\/span>\n\t\t\t<span class='e-closed'><svg aria-hidden=\"true\" class=\"e-font-icon-svg e-fas-plus\" viewbox=\"0 0 448 512\" xmlns=\"http:\/\/www.w3.org\/2000\/svg\"><path d=\"M416 208H272V64c0-17.67-14.33-32-32-32h-32c-17.67 0-32 14.33-32 32v144H32c-17.67 0-32 14.33-32 32v32c0 17.67 14.33 32 32 32h144v144c0 17.67 14.33 32 32 32h32c17.67 0 32-14.33 32-32V304h144c17.67 0 32-14.33 32-32v-32c0-17.67-14.33-32-32-32z\"><\/path><\/svg><\/span>\n\t\t<\/span>\n\n\t\t\t\t\t\t<\/summary>\n\t\t\t\t<div role=\"region\" aria-labelledby=\"e-n-accordion-item-2402\" class=\"elementor-element elementor-element-5a7b73e e-con-full e-flex e-con e-child\" data-id=\"5a7b73e\" data-element_type=\"container\" data-e-type=\"container\">\n\t\t<div role=\"region\" aria-labelledby=\"e-n-accordion-item-2402\" class=\"elementor-element elementor-element-bf2c86b e-flex e-con-boxed e-con e-child\" data-id=\"bf2c86b\" data-element_type=\"container\" data-e-type=\"container\">\n\t\t\t\t\t<div class=\"e-con-inner\">\n\t\t\t\t<div class=\"elementor-element elementor-element-dc7d890 elementor-widget elementor-widget-image\" data-id=\"dc7d890\" data-element_type=\"widget\" data-e-type=\"widget\" data-widget_type=\"image.default\">\n\t\t\t\t\t\t\t\t\t\t\t\t\t\t\t<img decoding=\"async\" width=\"724\" height=\"1024\" src=\"https:\/\/pats.ee\/wp-content\/uploads\/2026\/04\/ajutine-pitsa--724x1024.avif\" class=\"attachment-large size-large wp-image-11647\" alt=\"\" srcset=\"https:\/\/pats.ee\/wp-content\/uploads\/2026\/04\/ajutine-pitsa--724x1024.avif 724w, https:\/\/pats.ee\/wp-content\/uploads\/2026\/04\/ajutine-pitsa--212x300.avif 212w, https:\/\/pats.ee\/wp-content\/uploads\/2026\/04\/ajutine-pitsa--768x1086.avif 768w, https:\/\/pats.ee\/wp-content\/uploads\/2026\/04\/ajutine-pitsa--1086x1536.avif 1086w, https:\/\/pats.ee\/wp-content\/uploads\/2026\/04\/ajutine-pitsa--8x12.avif 8w, https:\/\/pats.ee\/wp-content\/uploads\/2026\/04\/ajutine-pitsa--1357x1920.avif 1357w, https:\/\/pats.ee\/wp-content\/uploads\/2026\/04\/ajutine-pitsa--600x849.avif 600w, https:\/\/pats.ee\/wp-content\/uploads\/2026\/04\/ajutine-pitsa--64x91.avif 64w, https:\/\/pats.ee\/wp-content\/uploads\/2026\/04\/ajutine-pitsa-.avif 1414w\" sizes=\"(max-width: 724px) 100vw, 724px\" \/>\t\t\t\t\t\t\t\t\t\t\t\t\t\t\t<\/div>\n\t\t\t\t\t<\/div>\n\t\t\t\t<\/div>\n\t\t\t\t<\/div>\n\t\t\t\t\t<\/details>\n\t\t\t\t\t\t<details id=\"e-n-accordion-item-2403\" class=\"e-n-accordion-item\" >\n\t\t\t\t<summary class=\"e-n-accordion-item-title\" data-accordion-index=\"4\" tabindex=\"-1\" aria-expanded=\"false\" aria-controls=\"e-n-accordion-item-2403\" >\n\t\t\t\t\t<span class='e-n-accordion-item-title-header'><div class=\"e-n-accordion-item-title-text\"> Breakfasts, salads, burgers <\/div><\/span>\n\t\t\t\t\t\t\t<span class='e-n-accordion-item-title-icon'>\n\t\t\t<span class='e-opened' ><svg aria-hidden=\"true\" class=\"e-font-icon-svg e-fas-minus\" viewbox=\"0 0 448 512\" xmlns=\"http:\/\/www.w3.org\/2000\/svg\"><path d=\"M416 208H32c-17.67 0-32 14.33-32 32v32c0 17.67 14.33 32 32 32h384c17.67 0 32-14.33 32-32v-32c0-17.67-14.33-32-32-32z\"><\/path><\/svg><\/span>\n\t\t\t<span class='e-closed'><svg aria-hidden=\"true\" class=\"e-font-icon-svg e-fas-plus\" viewbox=\"0 0 448 512\" xmlns=\"http:\/\/www.w3.org\/2000\/svg\"><path d=\"M416 208H272V64c0-17.67-14.33-32-32-32h-32c-17.67 0-32 14.33-32 32v144H32c-17.67 0-32 14.33-32 32v32c0 17.67 14.33 32 32 32h144v144c0 17.67 14.33 32 32 32h32c17.67 0 32-14.33 32-32V304h144c17.67 0 32-14.33 32-32v-32c0-17.67-14.33-32-32-32z\"><\/path><\/svg><\/span>\n\t\t<\/span>\n\n\t\t\t\t\t\t<\/summary>\n\t\t\t\t<div role=\"region\" aria-labelledby=\"e-n-accordion-item-2403\" class=\"elementor-element elementor-element-e9755d1 e-con-full e-flex e-con e-child\" data-id=\"e9755d1\" data-element_type=\"container\" data-e-type=\"container\">\n\t\t<div role=\"region\" aria-labelledby=\"e-n-accordion-item-2403\" class=\"elementor-element elementor-element-3aefa98 e-flex e-con-boxed e-con e-child\" data-id=\"3aefa98\" data-element_type=\"container\" data-e-type=\"container\">\n\t\t\t\t\t<div class=\"e-con-inner\">\n\t\t\t\t<div class=\"elementor-element elementor-element-b55efd2 elementor-widget elementor-widget-image\" data-id=\"b55efd2\" data-element_type=\"widget\" data-e-type=\"widget\" data-widget_type=\"image.default\">\n\t\t\t\t\t\t\t\t\t\t\t\t\t\t\t<img loading=\"lazy\" decoding=\"async\" width=\"724\" height=\"1024\" src=\"https:\/\/pats.ee\/wp-content\/uploads\/2026\/04\/inglise-esimene-724x1024.avif\" class=\"attachment-large size-large wp-image-11577\" alt=\"\" srcset=\"https:\/\/pats.ee\/wp-content\/uploads\/2026\/04\/inglise-esimene-724x1024.avif 724w, https:\/\/pats.ee\/wp-content\/uploads\/2026\/04\/inglise-esimene-212x300.avif 212w, https:\/\/pats.ee\/wp-content\/uploads\/2026\/04\/inglise-esimene-768x1086.avif 768w, https:\/\/pats.ee\/wp-content\/uploads\/2026\/04\/inglise-esimene-1086x1536.avif 1086w, https:\/\/pats.ee\/wp-content\/uploads\/2026\/04\/inglise-esimene-8x12.avif 8w, https:\/\/pats.ee\/wp-content\/uploads\/2026\/04\/inglise-esimene-1357x1920.avif 1357w, https:\/\/pats.ee\/wp-content\/uploads\/2026\/04\/inglise-esimene-600x849.avif 600w, https:\/\/pats.ee\/wp-content\/uploads\/2026\/04\/inglise-esimene-64x91.avif 64w, https:\/\/pats.ee\/wp-content\/uploads\/2026\/04\/inglise-esimene.avif 1414w\" sizes=\"(max-width: 724px) 100vw, 724px\" \/>\t\t\t\t\t\t\t\t\t\t\t\t\t\t\t<\/div>\n\t\t\t\t\t<\/div>\n\t\t\t\t<\/div>\n\t\t\t\t<\/div>\n\t\t\t\t\t<\/details>\n\t\t\t\t\t\t<details id=\"e-n-accordion-item-2404\" class=\"e-n-accordion-item\" >\n\t\t\t\t<summary class=\"e-n-accordion-item-title\" data-accordion-index=\"5\" tabindex=\"-1\" aria-expanded=\"false\" aria-controls=\"e-n-accordion-item-2404\" >\n\t\t\t\t\t<span class='e-n-accordion-item-title-header'><div class=\"e-n-accordion-item-title-text\"> Main dishes, drinks <\/div><\/span>\n\t\t\t\t\t\t\t<span class='e-n-accordion-item-title-icon'>\n\t\t\t<span class='e-opened' ><svg aria-hidden=\"true\" class=\"e-font-icon-svg e-fas-minus\" viewbox=\"0 0 448 512\" xmlns=\"http:\/\/www.w3.org\/2000\/svg\"><path d=\"M416 208H32c-17.67 0-32 14.33-32 32v32c0 17.67 14.33 32 32 32h384c17.67 0 32-14.33 32-32v-32c0-17.67-14.33-32-32-32z\"><\/path><\/svg><\/span>\n\t\t\t<span class='e-closed'><svg aria-hidden=\"true\" class=\"e-font-icon-svg e-fas-plus\" viewbox=\"0 0 448 512\" xmlns=\"http:\/\/www.w3.org\/2000\/svg\"><path d=\"M416 208H272V64c0-17.67-14.33-32-32-32h-32c-17.67 0-32 14.33-32 32v144H32c-17.67 0-32 14.33-32 32v32c0 17.67 14.33 32 32 32h144v144c0 17.67 14.33 32 32 32h32c17.67 0 32-14.33 32-32V304h144c17.67 0 32-14.33 32-32v-32c0-17.67-14.33-32-32-32z\"><\/path><\/svg><\/span>\n\t\t<\/span>\n\n\t\t\t\t\t\t<\/summary>\n\t\t\t\t<div role=\"region\" aria-labelledby=\"e-n-accordion-item-2404\" class=\"elementor-element elementor-element-41c742a e-con-full e-flex e-con e-child\" data-id=\"41c742a\" data-element_type=\"container\" data-e-type=\"container\">\n\t\t<div role=\"region\" aria-labelledby=\"e-n-accordion-item-2404\" class=\"elementor-element elementor-element-4a46848 e-flex e-con-boxed e-con e-child\" data-id=\"4a46848\" data-element_type=\"container\" data-e-type=\"container\">\n\t\t\t\t\t<div class=\"e-con-inner\">\n\t\t\t\t<div class=\"elementor-element elementor-element-2f1f4c4 elementor-widget elementor-widget-image\" data-id=\"2f1f4c4\" data-element_type=\"widget\" data-e-type=\"widget\" data-widget_type=\"image.default\">\n\t\t\t\t\t\t\t\t\t\t\t\t\t\t\t<img loading=\"lazy\" decoding=\"async\" width=\"724\" height=\"1024\" src=\"https:\/\/pats.ee\/wp-content\/uploads\/2026\/04\/inglise-joogid-724x1024.avif\" class=\"attachment-large size-large wp-image-11582\" alt=\"\" srcset=\"https:\/\/pats.ee\/wp-content\/uploads\/2026\/04\/inglise-joogid-724x1024.avif 724w, https:\/\/pats.ee\/wp-content\/uploads\/2026\/04\/inglise-joogid-212x300.avif 212w, https:\/\/pats.ee\/wp-content\/uploads\/2026\/04\/inglise-joogid-768x1086.avif 768w, https:\/\/pats.ee\/wp-content\/uploads\/2026\/04\/inglise-joogid-1086x1536.avif 1086w, https:\/\/pats.ee\/wp-content\/uploads\/2026\/04\/inglise-joogid-8x12.avif 8w, https:\/\/pats.ee\/wp-content\/uploads\/2026\/04\/inglise-joogid-1357x1920.avif 1357w, https:\/\/pats.ee\/wp-content\/uploads\/2026\/04\/inglise-joogid-600x849.avif 600w, https:\/\/pats.ee\/wp-content\/uploads\/2026\/04\/inglise-joogid-64x91.avif 64w, https:\/\/pats.ee\/wp-content\/uploads\/2026\/04\/inglise-joogid.avif 1414w\" sizes=\"(max-width: 724px) 100vw, 724px\" \/>\t\t\t\t\t\t\t\t\t\t\t\t\t\t\t<\/div>\n\t\t\t\t\t<\/div>\n\t\t\t\t<\/div>\n\t\t\t\t<\/div>\n\t\t\t\t\t<\/details>\n\t\t\t\t\t\t<details id=\"e-n-accordion-item-2405\" class=\"e-n-accordion-item\" >\n\t\t\t\t<summary class=\"e-n-accordion-item-title\" data-accordion-index=\"6\" tabindex=\"-1\" aria-expanded=\"false\" aria-controls=\"e-n-accordion-item-2405\" >\n\t\t\t\t\t<span class='e-n-accordion-item-title-header'><div class=\"e-n-accordion-item-title-text\"> Pizzas <\/div><\/span>\n\t\t\t\t\t\t\t<span class='e-n-accordion-item-title-icon'>\n\t\t\t<span class='e-opened' ><svg aria-hidden=\"true\" class=\"e-font-icon-svg e-fas-minus\" viewbox=\"0 0 448 512\" xmlns=\"http:\/\/www.w3.org\/2000\/svg\"><path d=\"M416 208H32c-17.67 0-32 14.33-32 32v32c0 17.67 14.33 32 32 32h384c17.67 0 32-14.33 32-32v-32c0-17.67-14.33-32-32-32z\"><\/path><\/svg><\/span>\n\t\t\t<span class='e-closed'><svg aria-hidden=\"true\" class=\"e-font-icon-svg e-fas-plus\" viewbox=\"0 0 448 512\" xmlns=\"http:\/\/www.w3.org\/2000\/svg\"><path d=\"M416 208H272V64c0-17.67-14.33-32-32-32h-32c-17.67 0-32 14.33-32 32v144H32c-17.67 0-32 14.33-32 32v32c0 17.67 14.33 32 32 32h144v144c0 17.67 14.33 32 32 32h32c17.67 0 32-14.33 32-32V304h144c17.67 0 32-14.33 32-32v-32c0-17.67-14.33-32-32-32z\"><\/path><\/svg><\/span>\n\t\t<\/span>\n\n\t\t\t\t\t\t<\/summary>\n\t\t\t\t<div role=\"region\" aria-labelledby=\"e-n-accordion-item-2405\" class=\"elementor-element elementor-element-5cad496 e-con-full e-flex e-con e-child\" data-id=\"5cad496\" data-element_type=\"container\" data-e-type=\"container\">\n\t\t<div role=\"region\" aria-labelledby=\"e-n-accordion-item-2405\" class=\"elementor-element elementor-element-f116eb4 e-flex e-con-boxed e-con e-child\" data-id=\"f116eb4\" data-element_type=\"container\" data-e-type=\"container\">\n\t\t\t\t\t<div class=\"e-con-inner\">\n\t\t\t\t<div class=\"elementor-element elementor-element-199a1d3 elementor-widget elementor-widget-image\" data-id=\"199a1d3\" data-element_type=\"widget\" data-e-type=\"widget\" data-widget_type=\"image.default\">\n\t\t\t\t\t\t\t\t\t\t\t\t\t\t\t<img loading=\"lazy\" decoding=\"async\" width=\"724\" height=\"1024\" src=\"https:\/\/pats.ee\/wp-content\/uploads\/2026\/04\/ajutine-pizza-724x1024.avif\" class=\"attachment-large size-large wp-image-11648\" alt=\"\" srcset=\"https:\/\/pats.ee\/wp-content\/uploads\/2026\/04\/ajutine-pizza-724x1024.avif 724w, https:\/\/pats.ee\/wp-content\/uploads\/2026\/04\/ajutine-pizza-212x300.avif 212w, https:\/\/pats.ee\/wp-content\/uploads\/2026\/04\/ajutine-pizza-768x1086.avif 768w, https:\/\/pats.ee\/wp-content\/uploads\/2026\/04\/ajutine-pizza-1086x1536.avif 1086w, https:\/\/pats.ee\/wp-content\/uploads\/2026\/04\/ajutine-pizza-8x12.avif 8w, https:\/\/pats.ee\/wp-content\/uploads\/2026\/04\/ajutine-pizza-1357x1920.avif 1357w, https:\/\/pats.ee\/wp-content\/uploads\/2026\/04\/ajutine-pizza-600x849.avif 600w, https:\/\/pats.ee\/wp-content\/uploads\/2026\/04\/ajutine-pizza-64x91.avif 64w, https:\/\/pats.ee\/wp-content\/uploads\/2026\/04\/ajutine-pizza.avif 1414w\" sizes=\"(max-width: 724px) 100vw, 724px\" \/>\t\t\t\t\t\t\t\t\t\t\t\t\t\t\t<\/div>\n\t\t\t\t\t<\/div>\n\t\t\t\t<\/div>\n\t\t\t\t<\/div>\n\t\t\t\t\t<\/details>\n\t\t\t\t\t<\/div>\n\t\t\t\t\t\t<\/div>\n\t\t\t\t\t<\/div>\n\t\t\t\t<\/div>\n\t\t\t\t<\/div>\n\t\t\n    <div class=\"xs_social_share_widget xs_share_url after_content \t\tmain_content  wslu-style-1 wslu-share-box-shaped wslu-fill-colored wslu-none wslu-share-horizontal wslu-theme-font-no wslu-main_content\">\n\n\t\t\n        <ul>\n\t\t\t        <\/ul>\n    <\/div>","protected":false},"excerpt":{"rendered":"<p>Maitsed, mis j\u00e4\u00e4vad meelde Hetked, mida jagatakse Pitsa, mida armastad Hommikus\u00f6\u00f6gid, salatid, burgerid Praed, joogid Pitsad Breakfasts, salads, burgers Main dishes, drinks Pizzas<\/p>","protected":false},"author":1,"featured_media":0,"parent":0,"menu_order":0,"comment_status":"closed","ping_status":"closed","template":"elementor_header_footer","meta":{"footnotes":""},"class_list":["post-5334","page","type-page","status-publish","hentry"],"aioseo_notices":[],"_links":{"self":[{"href":"https:\/\/pats.ee\/en\/wp-json\/wp\/v2\/pages\/5334","targetHints":{"allow":["GET"]}}],"collection":[{"href":"https:\/\/pats.ee\/en\/wp-json\/wp\/v2\/pages"}],"about":[{"href":"https:\/\/pats.ee\/en\/wp-json\/wp\/v2\/types\/page"}],"author":[{"embeddable":true,"href":"https:\/\/pats.ee\/en\/wp-json\/wp\/v2\/users\/1"}],"replies":[{"embeddable":true,"href":"https:\/\/pats.ee\/en\/wp-json\/wp\/v2\/comments?post=5334"}],"version-history":[{"count":63,"href":"https:\/\/pats.ee\/en\/wp-json\/wp\/v2\/pages\/5334\/revisions"}],"predecessor-version":[{"id":11691,"href":"https:\/\/pats.ee\/en\/wp-json\/wp\/v2\/pages\/5334\/revisions\/11691"}],"wp:attachment":[{"href":"https:\/\/pats.ee\/en\/wp-json\/wp\/v2\/media?parent=5334"}],"curies":[{"name":"wp","href":"https:\/\/api.w.org\/{rel}","templated":true}]}}