{"id":3486,"date":"2022-02-10T00:28:12","date_gmt":"2022-02-09T21:28:12","guid":{"rendered":"https:\/\/xn--pts-qla.ee\/?page_id=3486"},"modified":"2022-02-10T00:31:12","modified_gmt":"2022-02-09T21:31:12","slug":"kupsised","status":"publish","type":"page","link":"https:\/\/pats.ee\/en\/kupsised\/","title":{"rendered":"Cookies"},"content":{"rendered":"<p>Meie veebileht kasutab k\u00fcpsiseid<\/p>\n\n\n\n<h2 class=\"wp-block-heading\" id=\"kupsiste-kasutamise-pohimotted\">K\u00fcpsiste kasutamise p\u00f5him\u00f5tted<\/h2>\n\n\n\n<p>K\u00e4esolevad k\u00fcpsiste kasutamise p\u00f5him\u00f5tted on koostatud EUROOPA PARLAMENDI JA N\u00d5UKOGU M\u00c4\u00c4RUSEST (EL) 2016\/679 l\u00e4htuvalt ning reguleerivad P\u00e4ts Sahvri veebilehe poolt k\u00fcpsiste kasutamist.<\/p>\n\n\n\n<h3 class=\"wp-block-heading\" id=\"1-moisted\"><strong>1. M\u00f5isted<\/strong><\/h3>\n\n\n\n<p>1.1. K\u00fcpsis \u2013 tekstifail, mille salvestame Sinu seadme (nt arvuti, mobiiltelefoni, tahvelarvuti) veebilehitsejasse ainult siis, kui k\u00fclastad P\u00e4ts Sahvri veebilehte. Kasutame k\u00fcpsiseid \u00fcksnes selleks, et P\u00e4tsSahvri veebileht toimiks paremini ja t\u00f5husamalt.<\/p>\n\n\n\n<h3 class=\"wp-block-heading\" id=\"2-kupsiste-kasutamise-eesmargid\"><strong>2. K\u00fcpsiste kasutamise eesm\u00e4rgid<\/strong><\/h3>\n\n\n\n<p><strong>2.1.K\u00fcpsised aitavad:<\/strong><\/p>\n\n\n\n<ul class=\"wp-block-list\"><li>toimida veebilehel Sinu ootustele vastavalt<\/li><li>v\u00e4ltida vajadust \u00fche sessiooni jooksul mitu korda sisse logida<\/li><li>m\u00e4letada Sinu seadistusi<\/li><li>parandada P\u00e4ts Sahvri veebilehe kiirust ja turvalisust<\/li><li>P\u00e4ts Sahvri veebilehe sisu sotsiaalmeedias h\u00f5lpsamini jagada (Facebook, Instagram jms.)<\/li><li>sisse logimisel lehte isikustada, samuti infot kiiremini leida<\/li><li>plaanida veebilehe parandusi ja arendusi<\/li><li>muuta P\u00e4ts Sahvri pakkumisi ja turundusteateid sinu vajadustele sobivamaks<\/li><\/ul>\n\n\n\n<h3 class=\"wp-block-heading\" id=\"3-kupsiste-tuubid-ja-liigitamine\">3. K\u00fcpsiste t\u00fc\u00fcbid ja liigitamine<\/h3>\n\n\n\n<p>3.1. P\u00e4ts Sahvri veebilehel kasutame sessiooni- ja p\u00fcsivaid k\u00fcpsiseid. Need on k\u00fcpsised, mida kasutame meie ja\/v\u00f5i mida kasutavad kolmandad osapooled.<\/p>\n\n\n\n<p><strong>3.1.1. Sessioonik\u00fcpsised<\/strong><\/p>\n\n\n\n<p>Sessioonik\u00fcpsiseid kasutame igal k\u00fclastusel. Sessioonik\u00fcpsised seostavad Sinu tegevusi meie veebilehel ja kehtivad ainult veebilehitseja sessiooni ajal. Sessioon algab siis, kui avad P\u00e4ts Sahvri veebilehe ja l\u00f5ppeb lehe sulgemisel v\u00f5i kui viimasest tegevusest on m\u00f6\u00f6das kolm tundi. K\u00f5ik sessioonik\u00fcpsised kustutatakse p\u00e4rast k\u00fclastust.<\/p>\n\n\n\n<p><strong>3.1.2. P\u00fcsik\u00fcpsised<\/strong><\/p>\n\n\n\n<p>P\u00fcsik\u00fcpsised salvestavad Sinu eelistused v\u00f5i tegevused. Sessioonik\u00fcpsistega v\u00f5rreldes on neil pikem t\u00f6\u00f6iga ja need kehtivad igale konkreetsele k\u00fcpsisele etteantud t\u00e4htaja piires. P\u00fcsik\u00fcpsised ei kustu lehitseja sulgemisel ja salvestatakse Sinu seadmes. P\u00fcsik\u00fcpsised aktiveeritakse igal P\u00e4ts Sahvri veebilehe k\u00fclastusel, mis salvestas konkreetse p\u00fcsik\u00fcpsise.<\/p>\n\n\n\n<p><strong>3.2. K\u00fcpsiste liigitamine<\/strong><\/p>\n\n\n\n<p>P\u00e4ts Sahver veebilehel kasutatakse k\u00fcpsiseid j\u00e4rgmise liigituse p\u00f5hjal:<\/p>\n\n\n\n<p><strong>3.2.1. Rangelt vajalikud k\u00fcpsised<\/strong><\/p>\n\n\n\n<p>V\u00f5imaldab kasutada veebilehe funktsioone ja m\u00e4letada vormidesse sisestatud teavet ka siis, kui kasutaja liigub sessiooni ajal muudel P\u00e4ts Sahvri veebilehe alalehtedel. Ilma rangelt vajalike k\u00fcpsisteta pole kindla veebilehe teenused v\u00f5imalikud. Rangelt vajalikud k\u00fcpsised ei kogu turunduslikul eesm\u00e4rgil teavet ega j\u00e4ta meelde, milliseid lehti internetis vaadatakse.<\/p>\n\n\n\n<p><strong>3.2.2. J\u00f5udlusk\u00fcpsised<\/strong><\/p>\n\n\n\n<p>J\u00f5udlusk\u00fcpsised koguvad teavet veebilehe kasutuse kohta ja nende abil saab parandada veebilehe t\u00f6\u00f6tamisviisi. J\u00f5udlusk\u00fcpsised n\u00e4itavad, milliseid lehti k\u00fclastati k\u00f5ige sagedamini, millised olid veebilehe k\u00fclastamisel tekkinud raskused ning kas veebilehe reklaam toimib v\u00f5i mitte. J\u00f5udlusk\u00fcpsised ei kogu teavet isiku kohta ja kogutud teave on anon\u00fc\u00fcmne.<\/p>\n\n\n\n<p><strong>3.2.3. Funktsionaalsusk\u00fcpsised<\/strong><\/p>\n\n\n\n<p>Funktsionaalsusk\u00fcpsised m\u00e4letavad Sinu valikuid ning pakuvad t\u00e4iustatud ja isiklikumaid funktsioone. Need k\u00fcpsised m\u00e4letavad tehtud muudatusi, aga ei salvesta tegevusi kolmandatel veebilehtedel.<\/p>\n\n\n\n<p><strong>3.2.4. Sihip\u00e4rased k\u00fcpsised<\/strong><\/p>\n\n\n\n<p>Sihip\u00e4raseid v\u00f5i reklaamik\u00fcpsiseid kasutatakse selleks, et edastada Sinu huvidega sobivaid reklaame ja piirata reklaami n\u00e4gemise kordade arvu. Sedalaadi k\u00fcpsiseid kasutatakse, et m\u00f5\u00f5ta reklaamikampaania t\u00f5husust ja j\u00e4tta meelde, mida oled veebilehel vaadanud.<\/p>\n\n\n\n<p><strong>3.3. Kolmandate poolte funktsioonid<\/strong><\/p>\n\n\n\n<p>N\u00e4iteks Facebook ja Google v\u00f5ivad kasutada oma k\u00fcpsiseid v\u00f5i muid meetodeid, et koguda teavet meie veebilehe sisu kohta, millel oled kl\u00f5psanud. Nad kasutavad sedalaadi teavet selleks, et pakkuda kasutusstatistika anal\u00fc\u00fcse ja reklaame sind huvitavatel teemadel.<\/p>\n\n\n\n<p>Me ei p\u00e4\u00e4se ligi ega kontrolli neid k\u00fcpsiseid, mille on meie lehele paigaldanud kolmandad pooled \u2014 nende k\u00fcpsiste kasutamine kuulub paigaldajate privaatsuspoliitika alla. Selleks soovitame Sul eraldi tutvuda k\u00f5igi kolmandate poolte privaatsuspoliitikaga.<\/p>\n\n\n\n<ul class=\"wp-block-list\"><li>Facebooki k\u00fcpsiste tingimustega saad tutvuda siin:&nbsp;<a href=\"https:\/\/www.facebook.com\/policies\/cookies\/\" target=\"_blank\" rel=\"noreferrer noopener\">https:\/\/www.facebook.com\/policies\/cookies\/<\/a><\/li><li>Google\u2019i k\u00fcpsiste tingimustega saad tutvuda siin:&nbsp;<a href=\"https:\/\/www.google.com\/policies\/technologies\/cookies\/\" target=\"_blank\" rel=\"noreferrer noopener\">https:\/\/www.google.com\/policies\/technologies\/cookies\/<\/a><\/li><\/ul>\n\n\n\n<h3 class=\"wp-block-heading\" id=\"4-kupsiste-haldamine-ja-kustutamine\">4. K\u00fcpsiste haldamine ja kustutamine<\/h3>\n\n\n\n<p>K\u00fcpsised, mis on rangelt vajalikud, k\u00e4ivad alati kaasas meie veebilehe kasutamisega. Kasutaja keeldumisel ei ole v\u00f5imalik ennustada, kuidas veebileht edasi t\u00f6\u00f6tab.<\/p>\n\n\n\n<p>Palun vaata funktsionaalsusk\u00fcpsiste ja sihip\u00e4raste k\u00fcpsiste kasutamist oma veebilehitseja seadetest:&nbsp;<a href=\"http:\/\/et.wondershare.com\/recover-data\/delete-cookies-from-web-browser.html\" target=\"_blank\" rel=\"noreferrer noopener\">http:\/\/et.wondershare.com\/recover-data\/delete-cookies-from-web-browser.html<\/a>.<\/p>\n\n\n\n<p>K\u00fcpsiste kustutamisel v\u00f5i keelamisel v\u00f5id kaotada juurdep\u00e4\u00e4su m\u00f5nele P\u00e4ts Sahvri veebilehe funktsioonile ja alalehele. K\u00fcpsiste seadete muutmine m\u00f5jutab k\u00f5iki veebilehti, mida k\u00fclastad.<\/p>\n\n\n\n<p>Oluline on, et kui k\u00fcpsise blokeerimiseks kasutada kolmanda isiku loobumislinki, ei pruugi see k\u00fcpsist Sinu lehitsejast kustutada, vaid lihtsalt blokeerib selle edasise kasutamise. Kui soovid kindlat k\u00fcpsist kustutada, tuleb seda oma lehitsejas ise teha.<\/p>\n\n    <div class=\"xs_social_share_widget xs_share_url after_content \t\tmain_content  wslu-style-1 wslu-share-box-shaped wslu-fill-colored wslu-none wslu-share-horizontal wslu-theme-font-no wslu-main_content\">\n\n\t\t\n        <ul>\n\t\t\t        <\/ul>\n    <\/div>","protected":false},"excerpt":{"rendered":"<p>Meie veebileht kasutab k\u00fcpsiseid K\u00fcpsiste kasutamise p\u00f5him\u00f5tted K\u00e4esolevad k\u00fcpsiste kasutamise p\u00f5him\u00f5tted on koostatud EUROOPA PARLAMENDI JA N\u00d5UKOGU M\u00c4\u00c4RUSEST (EL) 2016\/679 l\u00e4htuvalt ning reguleerivad P\u00e4ts Sahvri veebilehe poolt k\u00fcpsiste kasutamist. 1. M\u00f5isted 1.1. K\u00fcpsis \u2013 tekstifail, mille salvestame Sinu seadme (nt arvuti, mobiiltelefoni, tahvelarvuti) veebilehitsejasse ainult siis, kui k\u00fclastad P\u00e4ts Sahvri veebilehte. Kasutame k\u00fcpsiseid \u00fcksnes selleks, [&hellip;]<\/p>\n","protected":false},"author":1,"featured_media":0,"parent":0,"menu_order":0,"comment_status":"closed","ping_status":"closed","template":"","meta":{"footnotes":""},"class_list":["post-3486","page","type-page","status-publish","hentry"],"aioseo_notices":[],"_links":{"self":[{"href":"https:\/\/pats.ee\/en\/wp-json\/wp\/v2\/pages\/3486","targetHints":{"allow":["GET"]}}],"collection":[{"href":"https:\/\/pats.ee\/en\/wp-json\/wp\/v2\/pages"}],"about":[{"href":"https:\/\/pats.ee\/en\/wp-json\/wp\/v2\/types\/page"}],"author":[{"embeddable":true,"href":"https:\/\/pats.ee\/en\/wp-json\/wp\/v2\/users\/1"}],"replies":[{"embeddable":true,"href":"https:\/\/pats.ee\/en\/wp-json\/wp\/v2\/comments?post=3486"}],"version-history":[{"count":0,"href":"https:\/\/pats.ee\/en\/wp-json\/wp\/v2\/pages\/3486\/revisions"}],"wp:attachment":[{"href":"https:\/\/pats.ee\/en\/wp-json\/wp\/v2\/media?parent=3486"}],"curies":[{"name":"wp","href":"https:\/\/api.w.org\/{rel}","templated":true}]}}