{"id":11,"date":"2021-01-03T19:20:29","date_gmt":"2021-01-03T19:20:29","guid":{"rendered":"https:\/\/sahver.xn--pts-qla.ee\/my-account\/"},"modified":"2025-05-20T19:37:00","modified_gmt":"2025-05-20T16:37:00","slug":"account-settings","status":"publish","type":"page","link":"https:\/\/pats.ee\/en\/account-settings\/","title":{"rendered":"Minu Konto"},"content":{"rendered":"<div data-elementor-type=\"wp-page\" data-elementor-id=\"11\" class=\"elementor elementor-11\" data-elementor-post-type=\"page\">\n\t\t\t\t<div class=\"elementor-element elementor-element-2847ffb e-flex e-con-boxed e-con e-parent\" data-id=\"2847ffb\" data-element_type=\"container\" data-e-type=\"container\">\n\t\t\t\t\t<div class=\"e-con-inner\">\n\t\t<div class=\"elementor-element elementor-element-ca92c4d e-con-full e-flex e-con e-child\" data-id=\"ca92c4d\" data-element_type=\"container\" data-e-type=\"container\">\n\t\t<div class=\"elementor-element elementor-element-bc27c2c e-con-full e-flex e-con e-child\" data-id=\"bc27c2c\" data-element_type=\"container\" data-e-type=\"container\">\n\t\t<div class=\"elementor-element elementor-element-535f938 e-con-full e-flex e-con e-child\" data-id=\"535f938\" data-element_type=\"container\" data-e-type=\"container\">\n\t\t<div class=\"elementor-element elementor-element-21728c2 e-con-full e-flex e-con e-child\" data-id=\"21728c2\" data-element_type=\"container\" data-e-type=\"container\">\n\t\t\t\t<div class=\"elementor-element elementor-element-8e569af elementor-view-default elementor-widget elementor-widget-icon\" data-id=\"8e569af\" data-element_type=\"widget\" data-e-type=\"widget\" data-widget_type=\"icon.default\">\n\t\t\t\t\t\t\t<div class=\"elementor-icon-wrapper\">\n\t\t\t<div class=\"elementor-icon\">\n\t\t\t<svg xmlns=\"http:\/\/www.w3.org\/2000\/svg\" id=\"Layer_1\" data-name=\"Layer 1\" viewbox=\"0 0 24 24\"><path d=\"m21.122,18.229c.426.352.486.982.134,1.408-2.29,2.773-5.664,4.363-9.256,4.363C5.383,24,0,18.617,0,12S5.383,0,12,0c3.592,0,6.966,1.59,9.256,4.363.352.426.292,1.056-.134,1.408-.426.353-1.056.292-1.408-.134-1.909-2.311-4.721-3.637-7.714-3.637C6.486,2,2,6.486,2,12s4.486,10,10,10c2.994,0,5.806-1.326,7.714-3.637.352-.425.982-.485,1.408-.134Zm-7.622-10.229c1.381,0,2.5,1.119,2.5,2.5v3c0,1.381-1.119,2.5-2.5,2.5s-2.5-1.119-2.5-2.5v-3c0-1.381,1.119-2.5,2.5-2.5Zm0,1.6c-.496,0-.9.404-.9.9v3c0,.496.404.9.9.9s.9-.404.9-.9v-3c0-.496-.404-.9-.9-.9Zm9.25,3.881c-.69,0-1.25.56-1.25,1.25s.56,1.25,1.25,1.25,1.25-.56,1.25-1.25-.56-1.25-1.25-1.25Zm-3.25-4.25c0-.69-.56-1.25-1.25-1.25s-1.25.56-1.25,1.25.56,1.25,1.25,1.25,1.25-.56,1.25-1.25Zm-1.156,6.75c.27,0,.522-.136.67-.363l4.178-6.4c.347-.532-.034-1.237-.67-1.237-.27,0-.522.136-.67.363l-4.178,6.4c-.347.532.034,1.237.67,1.237Zm-9.144.019c.442,0,.8-.358.8-.8v-6.357c0-.476-.385-.861-.861-.861-.233,0-.456.094-.618.262l-1.63,1.682c-.308.317-.299.824.018,1.131.317.307.824.299,1.131-.018l.36-.372v4.532c0,.442.358.8.8.8Z\"><\/path><\/svg>\t\t\t<\/div>\n\t\t<\/div>\n\t\t\t\t\t\t<\/div>\n\t\t\t\t<div class=\"elementor-element elementor-element-75721f5 elementor-widget elementor-widget-heading\" data-id=\"75721f5\" data-element_type=\"widget\" data-e-type=\"widget\" data-widget_type=\"heading.default\">\n\t\t\t\t\t<h3 class=\"elementor-heading-title elementor-size-default\">-10% off every order<\/h3>\t\t\t\t<\/div>\n\t\t\t\t<\/div>\n\t\t<div class=\"elementor-element elementor-element-c688c41 e-con-full e-flex e-con e-child\" data-id=\"c688c41\" data-element_type=\"container\" data-e-type=\"container\">\n\t\t\t\t<div class=\"elementor-element elementor-element-9f35e78 elementor-view-default elementor-widget elementor-widget-icon\" data-id=\"9f35e78\" data-element_type=\"widget\" data-e-type=\"widget\" data-widget_type=\"icon.default\">\n\t\t\t\t\t\t\t<div class=\"elementor-icon-wrapper\">\n\t\t\t<div class=\"elementor-icon\">\n\t\t\t<svg xmlns=\"http:\/\/www.w3.org\/2000\/svg\" id=\"Outline\" viewbox=\"0 0 24 24\" width=\"512\" height=\"512\"><path d=\"M12,12A6,6,0,1,0,6,6,6.006,6.006,0,0,0,12,12ZM12,2A4,4,0,1,1,8,6,4,4,0,0,1,12,2Z\"><\/path><path d=\"M12,14a9.01,9.01,0,0,0-9,9,1,1,0,0,0,2,0,7,7,0,0,1,14,0,1,1,0,0,0,2,0A9.01,9.01,0,0,0,12,14Z\"><\/path><\/svg>\t\t\t<\/div>\n\t\t<\/div>\n\t\t\t\t\t\t<\/div>\n\t\t\t\t<div class=\"elementor-element elementor-element-df13315 elementor-widget elementor-widget-heading\" data-id=\"df13315\" data-element_type=\"widget\" data-e-type=\"widget\" data-widget_type=\"heading.default\">\n\t\t\t\t\t<h3 class=\"elementor-heading-title elementor-size-default\">Personal coupons<\/h3>\t\t\t\t<\/div>\n\t\t\t\t<\/div>\n\t\t<div class=\"elementor-element elementor-element-55d3f8e e-con-full e-flex e-con e-child\" data-id=\"55d3f8e\" data-element_type=\"container\" data-e-type=\"container\">\n\t\t\t\t<div class=\"elementor-element elementor-element-b642550 elementor-view-default elementor-widget elementor-widget-icon\" data-id=\"b642550\" data-element_type=\"widget\" data-e-type=\"widget\" data-widget_type=\"icon.default\">\n\t\t\t\t\t\t\t<div class=\"elementor-icon-wrapper\">\n\t\t\t<div class=\"elementor-icon\">\n\t\t\t<svg xmlns=\"http:\/\/www.w3.org\/2000\/svg\" id=\"Layer_1\" data-name=\"Layer 1\" viewbox=\"0 0 24 24\" width=\"512\" height=\"512\"><path d=\"M23,22H22V14a5.006,5.006,0,0,0-5-5H13V6.039A2.5,2.5,0,0,0,14.5,3.75,7.293,7.293,0,0,0,12.738.327a1,1,0,0,0-1.476,0A7.293,7.293,0,0,0,9.5,3.75,2.5,2.5,0,0,0,11,6.039V9H7a5.006,5.006,0,0,0-5,5v8H1a1,1,0,0,0,0,2H23a1,1,0,0,0,0-2ZM7,11H17a3,3,0,0,1,3,3v1.98c-.936-.1-1.5-.7-1.5-.98a1,1,0,0,0-2,0c0,.343-.682,1-1.75,1C13.661,16,13,15.306,13,15a1,1,0,0,0-2,0c0,.343-.682,1-1.75,1-1.089,0-1.75-.694-1.75-1a1,1,0,0,0-2,0c0,.315-.579.888-1.5.981V14A3,3,0,0,1,7,11ZM4,17.979A4.156,4.156,0,0,0,6.5,17a4.309,4.309,0,0,0,5.5.015A4.309,4.309,0,0,0,17.5,17a4.156,4.156,0,0,0,2.5.978V22H4Z\"><\/path><\/svg>\t\t\t<\/div>\n\t\t<\/div>\n\t\t\t\t\t\t<\/div>\n\t\t\t\t<div class=\"elementor-element elementor-element-e74ec0e elementor-widget elementor-widget-heading\" data-id=\"e74ec0e\" data-element_type=\"widget\" data-e-type=\"widget\" data-widget_type=\"heading.default\">\n\t\t\t\t\t<h3 class=\"elementor-heading-title elementor-size-default\">Birthday discounts<\/h3>\t\t\t\t<\/div>\n\t\t\t\t<\/div>\n\t\t<div class=\"elementor-element elementor-element-065cbe6 e-con-full e-flex e-con e-child\" data-id=\"065cbe6\" data-element_type=\"container\" data-e-type=\"container\">\n\t\t\t\t<div class=\"elementor-element elementor-element-2b50890 elementor-view-default elementor-widget elementor-widget-icon\" data-id=\"2b50890\" data-element_type=\"widget\" data-e-type=\"widget\" data-widget_type=\"icon.default\">\n\t\t\t\t\t\t\t<div class=\"elementor-icon-wrapper\">\n\t\t\t<div class=\"elementor-icon\">\n\t\t\t<svg xmlns=\"http:\/\/www.w3.org\/2000\/svg\" id=\"Outline\" viewbox=\"0 0 24 24\" width=\"512\" height=\"512\"><path d=\"M23.836,8.794a3.179,3.179,0,0,0-3.067-2.226H16.4L15.073,2.432a3.227,3.227,0,0,0-6.146,0L7.6,6.568H3.231a3.227,3.227,0,0,0-1.9,5.832L4.887,15,3.535,19.187A3.178,3.178,0,0,0,4.719,22.8a3.177,3.177,0,0,0,3.8-.019L12,20.219l3.482,2.559a3.227,3.227,0,0,0,4.983-3.591L19.113,15l3.56-2.6A3.177,3.177,0,0,0,23.836,8.794Zm-2.343,1.991-4.144,3.029a1,1,0,0,0-.362,1.116L18.562,19.8a1.227,1.227,0,0,1-1.895,1.365l-4.075-3a1,1,0,0,0-1.184,0l-4.075,3a1.227,1.227,0,0,1-1.9-1.365L7.013,14.93a1,1,0,0,0-.362-1.116L2.507,10.785a1.227,1.227,0,0,1,.724-2.217h5.1a1,1,0,0,0,.952-.694l1.55-4.831a1.227,1.227,0,0,1,2.336,0l1.55,4.831a1,1,0,0,0,.952.694h5.1a1.227,1.227,0,0,1,.724,2.217Z\"><\/path><\/svg>\t\t\t<\/div>\n\t\t<\/div>\n\t\t\t\t\t\t<\/div>\n\t\t\t\t<div class=\"elementor-element elementor-element-17b803d elementor-widget elementor-widget-heading\" data-id=\"17b803d\" data-element_type=\"widget\" data-e-type=\"widget\" data-widget_type=\"heading.default\">\n\t\t\t\t\t<h3 class=\"elementor-heading-title elementor-size-default\">Feedback<\/h3>\t\t\t\t<\/div>\n\t\t\t\t<\/div>\n\t\t\t\t<\/div>\n\t\t\t\t<\/div>\n\t\t<div class=\"elementor-element elementor-element-0c4eef1 e-con-full e-flex e-con e-child\" data-id=\"0c4eef1\" data-element_type=\"container\" data-e-type=\"container\" data-settings=\"{&quot;background_background&quot;:&quot;classic&quot;}\">\n\t\t<div class=\"elementor-element elementor-element-466907b e-con-full e-flex e-con e-child\" data-id=\"466907b\" data-element_type=\"container\" data-e-type=\"container\" data-settings=\"{&quot;background_background&quot;:&quot;classic&quot;}\">\n\t\t\t\t<div class=\"elementor-element elementor-element-29c87c8 e-my-account-tabs-vertical elementor-widget elementor-widget-woocommerce-my-account\" data-id=\"29c87c8\" data-element_type=\"widget\" data-e-type=\"widget\" data-settings=\"{&quot;customize_dashboard_check&quot;:&quot;yes&quot;}\" data-widget_type=\"woocommerce-my-account.default\">\n\t\t\t\t\t<div class=\"e-my-account-tab e-my-account-tab__\">\t\t\t<div class=\"woocommerce\"><div class=\"woocommerce-notices-wrapper\"><\/div>\n\n<div class=\"u-columns col2-set\" id=\"customer_login\">\n\n\t<div class=\"u-column1 col-1\">\n\n\n\t\t<h2 data-no-translation=\"\" data-trp-gettext=\"\">Login<\/h2>\n\n\t\t<form class=\"woocommerce-form woocommerce-form-login login\" method=\"post\" novalidate action=\"\">\n\n\t\t\t\n\t\t\t<p class=\"woocommerce-form-row woocommerce-form-row--wide form-row form-row-wide\">\n\t\t\t\t<label for=\"username\">Username or email address&nbsp;<span class=\"required\" aria-hidden=\"true\">*<\/span><span class=\"screen-reader-text\" data-no-translation=\"\" data-trp-gettext=\"\">Required<\/span><\/label>\n\t\t\t\t<input type=\"text\" class=\"woocommerce-Input woocommerce-Input--text input-text\" name=\"username\" id=\"username\" autocomplete=\"username\" value=\"\" required aria-required=\"true\" \/>\t\t\t<\/p>\n\t\t\t<p class=\"woocommerce-form-row woocommerce-form-row--wide form-row form-row-wide\">\n\t\t\t\t<label for=\"password\">Password&nbsp;<span class=\"required\" aria-hidden=\"true\">*<\/span><span class=\"screen-reader-text\" data-no-translation=\"\" data-trp-gettext=\"\">Required<\/span><\/label>\n\t\t\t\t<input class=\"woocommerce-Input woocommerce-Input--text input-text\" type=\"password\" name=\"password\" id=\"password\" autocomplete=\"current-password\" required aria-required=\"true\" \/>\n\t\t\t<\/p>\n\n\t\t\t\n\t\t\t<p class=\"form-row\">\n\t\t\t\t<label class=\"woocommerce-form__label woocommerce-form__label-for-checkbox woocommerce-form-login__rememberme\">\n\t\t\t\t\t<input class=\"woocommerce-form__input woocommerce-form__input-checkbox\" name=\"rememberme\" type=\"checkbox\" id=\"rememberme\" value=\"forever\" \/> <span data-no-translation=\"\" data-trp-gettext=\"\">Remember me<\/span>\n\t\t\t\t<\/label>\n\t\t\t\t<input type=\"hidden\" id=\"woocommerce-login-nonce\" name=\"woocommerce-login-nonce\" value=\"d34521aeba\" \/><input type=\"hidden\" name=\"_wp_http_referer\" value=\"\/en\/wp-json\/wp\/v2\/pages\/11\" \/>\t\t\t\t<button type=\"submit\" class=\"woocommerce-button button woocommerce-form-login__submit\" name=\"login\" value=\"Log in\" data-no-translation=\"\" data-trp-gettext=\"\" data-no-translation-value=\"\">Log in<\/button>\n\t\t\t<\/p>\n\t\t\t<p class=\"woocommerce-LostPassword lost_password\">\n\t\t\t\t<a href=\"https:\/\/pats.ee\/en\/account-settings\/forgot-password\/\" data-no-translation=\"\" data-trp-gettext=\"\">Lost your password?<\/a>\n\t\t\t<\/p>\n\n\t\t\t<div id=\"xs-social-login-container\">\n    <div class=\"xs-login xs-login--style-1\">\n\t\t\n        <a rel=\"nofollow\" class=\"xs-login__item wslu-color-scheme--google\" href=\"javascript:void(0)\" onclick=\"javascript:location.href='https:\/\/pats.ee\/en\/\/wp-json\/wslu-social-login\/type\/google?XScurrentPage=https:\/\/pats.ee\/en\/wp-json\/wp\/v2\/pages\/11'\">\n            <span class=\"xs-login__item--icon\"> <i class=\"met-social met-social-google\"><\/i> <\/span>\n            <span class=\"xs-login__item--label\"> Logi sisse Google kontoga <\/span>\n        <\/a>\n\n\n\t\t    <\/div>\n<\/div>\n\n\t\t<input type=\"hidden\" name=\"trp-form-language\" value=\"en\"\/><\/form>\n\n\n\t<\/div>\n\n\t<div class=\"u-column2 col-2\">\n\n\t\t<h2 data-no-translation=\"\" data-trp-gettext=\"\">Register<\/h2>\n\n\t\t<form method=\"post\" class=\"woocommerce-form woocommerce-form-register register\" action=\"\"  >\n\n\t\t\t  \n    <p class=\"form-row form-row-first\">\n    <label for=\"reg_billing_first_name\">First name <span class=\"required\">*<\/span><\/label>\n    <input type=\"text\" class=\"input-text\" name=\"billing_first_name\" id=\"reg_billing_first_name\" value=\"\" \/>\n    <\/p>\n  \n    <div class=\"clear\"><\/div>\n  \n    \n\t\t\t\n\t\t\t<p class=\"woocommerce-form-row woocommerce-form-row--wide form-row form-row-wide\">\n\t\t\t\t<label for=\"reg_email\">Email address&nbsp;<span class=\"required\" aria-hidden=\"true\">*<\/span><span class=\"screen-reader-text\" data-no-translation=\"\" data-trp-gettext=\"\">Required<\/span><\/label>\n\t\t\t\t<input type=\"email\" class=\"woocommerce-Input woocommerce-Input--text input-text\" name=\"email\" id=\"reg_email\" autocomplete=\"email\" value=\"\" required aria-required=\"true\" \/>\t\t\t<\/p>\n\n\t\t\t\n\t\t\t\t<p class=\"woocommerce-form-row woocommerce-form-row--wide form-row form-row-wide\">\n\t\t\t\t\t<label for=\"reg_password\">Password&nbsp;<span class=\"required\" aria-hidden=\"true\">*<\/span><span class=\"screen-reader-text\" data-no-translation=\"\" data-trp-gettext=\"\">Required<\/span><\/label>\n\t\t\t\t\t<input type=\"password\" class=\"woocommerce-Input woocommerce-Input--text input-text\" name=\"password\" id=\"reg_password\" autocomplete=\"new-password\" required aria-required=\"true\" \/>\n\t\t\t\t<\/p>\n\n\t\t\t\n\t\t\t<wc-order-attribution-inputs><\/wc-order-attribution-inputs><div class=\"woocommerce-privacy-policy-text\"><p>Registreerudes n\u00f5ustun p\u00fcsikliendi tingimustega - <a href=\"https:\/\/pats.ee\/en\/privaatsus-ja-muugitingimused\/\" class=\"woocommerce-privacy-policy-link\" target=\"_blank\" data-no-translation=\"\" data-trp-gettext=\"\">privacy policy<\/a>.<\/p>\n<\/div>\n\t\t\t<p class=\"woocommerce-form-row form-row\">\n\t\t\t\t<input type=\"hidden\" id=\"woocommerce-register-nonce\" name=\"woocommerce-register-nonce\" value=\"82b8e1533d\" \/><input type=\"hidden\" name=\"_wp_http_referer\" value=\"\/en\/wp-json\/wp\/v2\/pages\/11\" \/>\t\t\t\t<button type=\"submit\" class=\"woocommerce-Button woocommerce-button button woocommerce-form-register__submit\" name=\"register\" value=\"Register\" data-no-translation=\"\" data-trp-gettext=\"\" data-no-translation-value=\"\">Register<\/button>\n\t\t\t<\/p>\n\n\t\t\t<div id=\"xs-social-login-container\">\n    <div class=\"xs-login xs-login--style-1\">\n\t\t\n        <a rel=\"nofollow\" class=\"xs-login__item wslu-color-scheme--google\" href=\"javascript:void(0)\" onclick=\"javascript:location.href='https:\/\/pats.ee\/en\/\/wp-json\/wslu-social-login\/type\/google?XScurrentPage=https:\/\/pats.ee\/en\/wp-json\/wp\/v2\/pages\/11'\">\n            <span class=\"xs-login__item--icon\"> <i class=\"met-social met-social-google\"><\/i> <\/span>\n            <span class=\"xs-login__item--label\"> Logi sisse Google kontoga <\/span>\n        <\/a>\n\n\n\t\t    <\/div>\n<\/div>\n\n\t\t<input type=\"hidden\" name=\"trp-form-language\" value=\"en\"\/><\/form>\n\n\t<\/div>\n\n<\/div>\n\n<\/div>\t\t<\/div>\n\t\t\t\t\t\t<\/div>\n\t\t\t\t<\/div>\n\t\t\t\t<\/div>\n\t\t\t\t<\/div>\n\t\t\t\t\t<\/div>\n\t\t\t\t<\/div>\n\t\t\t\t<\/div>\n\t\t\n    <div class=\"xs_social_share_widget xs_share_url after_content \t\tmain_content  wslu-style-1 wslu-share-box-shaped wslu-fill-colored wslu-none wslu-share-horizontal wslu-theme-font-no wslu-main_content\">\n\n\t\t\n        <ul>\n\t\t\t        <\/ul>\n    <\/div>","protected":false},"excerpt":{"rendered":"<p>-10% igalt tellimuselt Personaalsed kupongid S\u00fcnnip\u00e4eva soodustused Hindame sinu tagasisidet T\u00f6\u00f6laud Tellimused Aadressid Konto andmed Communication Event Tickets Kupongid Logi v\u00e4lja Kustuta kasutaja Tere P\u00e4ts admin (pole P\u00e4ts admin? Logi v\u00e4lja) Oma konto t\u00f6\u00f6laualt n\u00e4ed enda hiljutisi tellimusi, saad hallata enda tarne ja maksmise aadresse ning muuta oma salas\u00f5na ja konto andmeid.<\/p>","protected":false},"author":1,"featured_media":0,"parent":0,"menu_order":0,"comment_status":"closed","ping_status":"closed","template":"elementor_theme","meta":{"footnotes":""},"class_list":["post-11","page","type-page","status-publish","hentry"],"aioseo_notices":[],"_links":{"self":[{"href":"https:\/\/pats.ee\/en\/wp-json\/wp\/v2\/pages\/11","targetHints":{"allow":["GET"]}}],"collection":[{"href":"https:\/\/pats.ee\/en\/wp-json\/wp\/v2\/pages"}],"about":[{"href":"https:\/\/pats.ee\/en\/wp-json\/wp\/v2\/types\/page"}],"author":[{"embeddable":true,"href":"https:\/\/pats.ee\/en\/wp-json\/wp\/v2\/users\/1"}],"replies":[{"embeddable":true,"href":"https:\/\/pats.ee\/en\/wp-json\/wp\/v2\/comments?post=11"}],"version-history":[{"count":0,"href":"https:\/\/pats.ee\/en\/wp-json\/wp\/v2\/pages\/11\/revisions"}],"wp:attachment":[{"href":"https:\/\/pats.ee\/en\/wp-json\/wp\/v2\/media?parent=11"}],"curies":[{"name":"wp","href":"https:\/\/api.w.org\/{rel}","templated":true}]}}